{"id":99642,"date":"2023-04-24T19:50:13","date_gmt":"2023-04-24T22:50:13","guid":{"rendered":"https:\/\/portal.uern.br\/acessoainformacao\/?page_id=99642"},"modified":"2024-12-16T10:52:47","modified_gmt":"2024-12-16T13:52:47","slug":"participacao-social","status":"publish","type":"page","link":"https:\/\/portal.uern.br\/acessoainformacao\/participacao-social\/","title":{"rendered":"Participa\u00e7\u00e3o Social"},"content":{"rendered":"<p><span style=\"font-weight: 400\">Esta p\u00e1gina oferece informa\u00e7\u00f5es que visam facilitar o acesso da comunidade interna e externa \u00e0 universidade, tais como informa\u00e7\u00f5es acerca de audi\u00eancias e consultas p\u00fablicas, bem como informa\u00e7\u00f5es sobre os conselhos e \u00f3rg\u00e3os colegiados da institui\u00e7\u00e3o e suas respectivas estruturas.<\/span><\/p>\n<h2>Conselho Diretor &#8211; CD:<\/h2>\n<p>O Conselho Diretor tem como fun\u00e7\u00e3o prec\u00edpua decidir sobre pol\u00edticas de gest\u00e3o administrativa, financeira, patrimonial e de pessoal da FUERN, de forma a assegurar \u00e0 Universidade seu pleno desenvolvimento em conson\u00e2ncia com os objetivos previstos na legisla\u00e7\u00e3o. O Conselho Diretor \u00e9 constitu\u00eddo por nove membros, dentre eles 02 (dois) membros efetivos e 02 (dois) suplentes, indicados por entidades representativas dos segmentos sociais e escolhidos em vota\u00e7\u00e3o pelo pleno do Conselho Diretor. Confira o <a role=\"link\" href=\"https:\/\/portal.uern.br\/conselhos\/wp-content\/uploads\/sites\/20\/2024\/11\/Regimento-Interno-do-Conselho-Diretor-da-Fuern-ATUALIZADO-EM-5-11-2024.pdf\" data-raofz=\"16\">Regimento Interno do Conselho Diretor da Fuern<\/a>.<\/p>\n<h2>Conselho Curador &#8211; CC:<\/h2>\n<p>O Conselho Curador \u00e9 o \u00f3rg\u00e3o fiscalizador em mat\u00e9ria econ\u00f4mica e financeira da FUERN. O Conselho Curador \u00e9 constitu\u00eddo por v\u00e1rios membros, dentre eles: 03 (tr\u00eas) membros efetivos e 03 (tr\u00eas) suplentes, indicados por entidades representativas de todos os segmentos sociais da comunidade e escolhidos em vota\u00e7\u00e3o pelo Conselho Curador. Confira o <a href=\"https:\/\/portal.uern.br\/wp-content\/uploads\/2023\/10\/Estatuto-da-Fuern-Aprovado-pelo-CD-em-24-10-2023_.pdf\">Regimento da FUERN<\/a>.<\/p>\n<h2>Conselho Universit\u00e1rio &#8211; CONSUNI:<\/h2>\n<p>O Conselho Universit\u00e1rio-CONSUNI, \u00f3rg\u00e3o superior consultivo-deliberativo em mat\u00e9ria de pol\u00edtica universit\u00e1ria, tem a sua constitui\u00e7\u00e3o na forma do que estabelece o artigo 6\u00ba do Estatuto da Universidade do Estado do Rio Grande do Norte, dentre outros membros: representantes da Comunidade, na propor\u00e7\u00e3o de um ter\u00e7o da soma dos membros elencados nos incisos I a V, indicados por entidades representativas da comunidade e nomeados pelo Governador do Estado, para mandato de 2 (dois) anos, permitida a recondu\u00e7\u00e3o por mais um per\u00edodo. Confira o <a href=\"https:\/\/portal.uern.br\/wp-content\/uploads\/2023\/10\/Estatuto-da-Fuern-Aprovado-pelo-CD-em-24-10-2023_.pdf\">Regimento da FUERN<\/a>.<\/p>\n","protected":false},"excerpt":{"rendered":"<p>Esta p\u00e1gina oferece informa\u00e7\u00f5es que visam facilitar o acesso da comunidade interna e externa \u00e0 universidade, tais como informa\u00e7\u00f5es acerca de audi\u00eancias e consultas p\u00fablicas, bem como informa\u00e7\u00f5es sobre os conselhos e \u00f3rg\u00e3os colegiados da institui\u00e7\u00e3o e suas respectivas estruturas. Conselho Diretor &#8211; CD: O Conselho Diretor tem como fun\u00e7\u00e3o prec\u00edpua decidir sobre pol\u00edticas de [&hellip;]<\/p>\n","protected":false},"author":1,"featured_media":0,"parent":0,"menu_order":0,"comment_status":"closed","ping_status":"closed","template":"","meta":[],"_links":{"self":[{"href":"https:\/\/portal.uern.br\/acessoainformacao\/wp-json\/wp\/v2\/pages\/99642"}],"collection":[{"href":"https:\/\/portal.uern.br\/acessoainformacao\/wp-json\/wp\/v2\/pages"}],"about":[{"href":"https:\/\/portal.uern.br\/acessoainformacao\/wp-json\/wp\/v2\/types\/page"}],"author":[{"embeddable":true,"href":"https:\/\/portal.uern.br\/acessoainformacao\/wp-json\/wp\/v2\/users\/1"}],"replies":[{"embeddable":true,"href":"https:\/\/portal.uern.br\/acessoainformacao\/wp-json\/wp\/v2\/comments?post=99642"}],"version-history":[{"count":8,"href":"https:\/\/portal.uern.br\/acessoainformacao\/wp-json\/wp\/v2\/pages\/99642\/revisions"}],"predecessor-version":[{"id":100730,"href":"https:\/\/portal.uern.br\/acessoainformacao\/wp-json\/wp\/v2\/pages\/99642\/revisions\/100730"}],"wp:attachment":[{"href":"https:\/\/portal.uern.br\/acessoainformacao\/wp-json\/wp\/v2\/media?parent=99642"}],"curies":[{"name":"wp","href":"https:\/\/api.w.org\/{rel}","templated":true}]}}