{"id":99640,"date":"2023-04-24T19:06:40","date_gmt":"2023-04-24T22:06:40","guid":{"rendered":"https:\/\/portal.uern.br\/acessoainformacao\/?page_id=99640"},"modified":"2024-10-24T10:04:33","modified_gmt":"2024-10-24T13:04:33","slug":"acoes-e-programas","status":"publish","type":"page","link":"https:\/\/portal.uern.br\/acessoainformacao\/acoes-e-programas\/","title":{"rendered":"A\u00e7\u00f5es e Programas"},"content":{"rendered":"<p><a href=\"https:\/\/portal.uern.br\/acessoainformacao\/wp-content\/uploads\/sites\/23\/2024\/10\/Plataforma-2125.png\"><img fetchpriority=\"high\" decoding=\"async\" class=\"size-full wp-image-100702 aligncenter\" src=\"https:\/\/portal.uern.br\/acessoainformacao\/wp-content\/uploads\/sites\/23\/2024\/10\/Plataforma-2125.png\" alt=\"\" width=\"1326\" height=\"574\" srcset=\"https:\/\/portal.uern.br\/acessoainformacao\/wp-content\/uploads\/sites\/23\/2024\/10\/Plataforma-2125.png 1326w, https:\/\/portal.uern.br\/acessoainformacao\/wp-content\/uploads\/sites\/23\/2024\/10\/Plataforma-2125-300x130.png 300w, https:\/\/portal.uern.br\/acessoainformacao\/wp-content\/uploads\/sites\/23\/2024\/10\/Plataforma-2125-1024x443.png 1024w, https:\/\/portal.uern.br\/acessoainformacao\/wp-content\/uploads\/sites\/23\/2024\/10\/Plataforma-2125-768x332.png 768w\" sizes=\"(max-width: 1326px) 100vw, 1326px\" \/><\/a><\/p>\n<p>Esta p\u00e1gina de A\u00e7\u00f5es e Programas apresenta uma vis\u00e3o abrangente sobre os programas e a\u00e7\u00f5es desenvolvidos pela universidade. Essa se\u00e7\u00e3o \u00e9 estruturada para fornecer informa\u00e7\u00f5es detalhadas sobre as iniciativas em andamento e sua gest\u00e3o, facilitando o acesso e a transpar\u00eancia. Tudo isso est\u00e1 dispon\u00edvel para a comunidade acad\u00eamica e a sociedade em geral por interm\u00e9dio da <a href=\"https:\/\/plataforma2125.uern.br\/\"><span style=\"font-weight: 400\">Plataforma 2125<\/span><\/a>.<\/p>\n<p>Na plataforma, em atendimento ao\u00a0<a role=\"link\" href=\"https:\/\/portal.uern.br\/acessoainformacao\/wp-content\/uploads\/sites\/23\/2024\/10\/Decreto-RN-31316_2022-portal-acesso-a-informacao.pdf\" data-raofz=\"16\">Decreto N\u00ba 31.316, de 24 de Mar\u00e7o de 2022<\/a> do Governo no Estado do Rio Grande do Norte, \u00e9 poss\u00edvel ter acesso aos principais programas e a\u00e7\u00f5es conduzidos pela UERN, com o objetivo e o impacto esperado de cada uma dessas iniciativas, a unidade administrativa respons\u00e1vel pela cria\u00e7\u00e3o, desenvolvimento e implementa\u00e7\u00e3o de cada programa ou a\u00e7\u00e3o. Ainda \u00e9 poss\u00edvel identificar\u00a0metas e\/ou indicadores estabelecidos para cada programa ou a\u00e7\u00e3o, os resultados alcan\u00e7ados at\u00e9 o momento, oferecendo uma vis\u00e3o clara do progresso e dos impactos gerados pelas a\u00e7\u00f5es implementadas pela UERN.<\/p>\n","protected":false},"excerpt":{"rendered":"<p>Esta p\u00e1gina de A\u00e7\u00f5es e Programas apresenta uma vis\u00e3o abrangente sobre os programas e a\u00e7\u00f5es desenvolvidos pela universidade. Essa se\u00e7\u00e3o \u00e9 estruturada para fornecer informa\u00e7\u00f5es detalhadas sobre as iniciativas em andamento e sua gest\u00e3o, facilitando o acesso e a transpar\u00eancia. Tudo isso est\u00e1 dispon\u00edvel para a comunidade acad\u00eamica e a sociedade em geral por interm\u00e9dio [&hellip;]<\/p>\n","protected":false},"author":1,"featured_media":100702,"parent":0,"menu_order":0,"comment_status":"closed","ping_status":"closed","template":"","meta":[],"_links":{"self":[{"href":"https:\/\/portal.uern.br\/acessoainformacao\/wp-json\/wp\/v2\/pages\/99640"}],"collection":[{"href":"https:\/\/portal.uern.br\/acessoainformacao\/wp-json\/wp\/v2\/pages"}],"about":[{"href":"https:\/\/portal.uern.br\/acessoainformacao\/wp-json\/wp\/v2\/types\/page"}],"author":[{"embeddable":true,"href":"https:\/\/portal.uern.br\/acessoainformacao\/wp-json\/wp\/v2\/users\/1"}],"replies":[{"embeddable":true,"href":"https:\/\/portal.uern.br\/acessoainformacao\/wp-json\/wp\/v2\/comments?post=99640"}],"version-history":[{"count":7,"href":"https:\/\/portal.uern.br\/acessoainformacao\/wp-json\/wp\/v2\/pages\/99640\/revisions"}],"predecessor-version":[{"id":100706,"href":"https:\/\/portal.uern.br\/acessoainformacao\/wp-json\/wp\/v2\/pages\/99640\/revisions\/100706"}],"wp:featuredmedia":[{"embeddable":true,"href":"https:\/\/portal.uern.br\/acessoainformacao\/wp-json\/wp\/v2\/media\/100702"}],"wp:attachment":[{"href":"https:\/\/portal.uern.br\/acessoainformacao\/wp-json\/wp\/v2\/media?parent=99640"}],"curies":[{"name":"wp","href":"https:\/\/api.w.org\/{rel}","templated":true}]}}