{"id":100739,"date":"2025-02-27T10:28:45","date_gmt":"2025-02-27T13:28:45","guid":{"rendered":"https:\/\/portal.uern.br\/acessoainformacao\/?page_id=100739"},"modified":"2025-02-27T10:54:19","modified_gmt":"2025-02-27T13:54:19","slug":"comite-setorial-de-etica","status":"publish","type":"page","link":"https:\/\/portal.uern.br\/acessoainformacao\/comite-setorial-de-etica\/","title":{"rendered":"Comit\u00ea Setorial de \u00c9tica"},"content":{"rendered":"<p>Em todos os \u00f3rg\u00e3os e entidades da Administra\u00e7\u00e3o P\u00fablica Estadual direta e indireta, h\u00e1 um <a href=\"https:\/\/portal.uern.br\/acessoainformacao\/wp-content\/uploads\/sites\/23\/2025\/02\/Comites_Setorial_de_Etica__IN18.2024_.pdf\" target=\"_blank\" rel=\"noopener\">Comit\u00ea de \u00c9tica Setorial (CES)<\/a>, com a finalidade de divulgar as normas do <a href=\"https:\/\/portal.uern.br\/acessoainformacao\/wp-content\/uploads\/sites\/23\/2025\/02\/DECRETO_N__33.094__DE_27_DE_OUTUBRO_DE_2023__Codigo_de_Etica_.pdf\" target=\"_blank\" rel=\"noopener\">C\u00f3digo de \u00c9tica Profissional do Servidor P\u00fablico Civil do Poder Executivo Estadual<\/a> e atuar na preven\u00e7\u00e3o e na apura\u00e7\u00e3o de falta \u00e9tica e <a href=\"https:\/\/portal.uern.br\/acessoainformacao\/wp-content\/uploads\/sites\/23\/2025\/02\/DECRETO_N__34.195__DE_09_DE_DEZEMBRO_DE_2024__Altera_o_Codigo_de_Etica_.pdf\" target=\"_blank\" rel=\"noopener\">conflito de interesses<\/a> no \u00e2mbito da respectiva institui\u00e7\u00e3o.<\/p>\n<p class=\"Texto_Justificado\">Os servidores que constituem o Comit\u00ea Setorial de \u00c9tica (CSE), no \u00e2mbito da Universidade do Estado do Rio Grande do Norte (UERN), com o objetivo de integrar o Sistema de Gest\u00e3o da \u00c9tica P\u00fablica do Poder Executivo Estadual est\u00e3o nomeados na <a href=\"https:\/\/portal.uern.br\/acessoainformacao\/wp-content\/uploads\/sites\/23\/2025\/02\/SEI_31450810_UERN___Portaria___GR_12.pdf\" target=\"_blank\" rel=\"noopener\">PORTARIA N\u00ba 12\/2025-GR\/UERN de 17 de janeiro de 2025<\/a>.<\/p>\n<p>Clique nos links citados para conhecer todos os dispositivos legais e formais.<\/p>\n<h2>Links relacionados:<\/h2>\n<p><a href=\"https:\/\/portal.uern.br\/ouviuern\/\">Ouvidoria da UERN<\/a><\/p>\n<p><a href=\"https:\/\/portal.uern.br\/fale-com-a-reitora\/\">Fale com a Reitora<\/a><\/p>\n","protected":false},"excerpt":{"rendered":"<p>Em todos os \u00f3rg\u00e3os e entidades da Administra\u00e7\u00e3o P\u00fablica Estadual direta e indireta, h\u00e1 um Comit\u00ea de \u00c9tica Setorial (CES), com a finalidade de divulgar as normas do C\u00f3digo de \u00c9tica Profissional do Servidor P\u00fablico Civil do Poder Executivo Estadual e atuar na preven\u00e7\u00e3o e na apura\u00e7\u00e3o de falta \u00e9tica e conflito de interesses no [&hellip;]<\/p>\n","protected":false},"author":45,"featured_media":0,"parent":0,"menu_order":0,"comment_status":"closed","ping_status":"closed","template":"","meta":[],"_links":{"self":[{"href":"https:\/\/portal.uern.br\/acessoainformacao\/wp-json\/wp\/v2\/pages\/100739"}],"collection":[{"href":"https:\/\/portal.uern.br\/acessoainformacao\/wp-json\/wp\/v2\/pages"}],"about":[{"href":"https:\/\/portal.uern.br\/acessoainformacao\/wp-json\/wp\/v2\/types\/page"}],"author":[{"embeddable":true,"href":"https:\/\/portal.uern.br\/acessoainformacao\/wp-json\/wp\/v2\/users\/45"}],"replies":[{"embeddable":true,"href":"https:\/\/portal.uern.br\/acessoainformacao\/wp-json\/wp\/v2\/comments?post=100739"}],"version-history":[{"count":6,"href":"https:\/\/portal.uern.br\/acessoainformacao\/wp-json\/wp\/v2\/pages\/100739\/revisions"}],"predecessor-version":[{"id":100750,"href":"https:\/\/portal.uern.br\/acessoainformacao\/wp-json\/wp\/v2\/pages\/100739\/revisions\/100750"}],"wp:attachment":[{"href":"https:\/\/portal.uern.br\/acessoainformacao\/wp-json\/wp\/v2\/media?parent=100739"}],"curies":[{"name":"wp","href":"https:\/\/api.w.org\/{rel}","templated":true}]}}