{"id":100612,"date":"2024-08-31T11:12:34","date_gmt":"2024-08-31T14:12:34","guid":{"rendered":"https:\/\/portal.uern.br\/acessoainformacao\/?page_id=100612"},"modified":"2025-09-12T10:11:41","modified_gmt":"2025-09-12T13:11:41","slug":"relatorios-de-gestao","status":"publish","type":"page","link":"https:\/\/portal.uern.br\/acessoainformacao\/relatorios-de-gestao\/","title":{"rendered":"Relat\u00f3rios de Gest\u00e3o"},"content":{"rendered":"<p data-raofz=\"16\">Gest\u00e3o Reitor Jos\u00e9 Walter da Fonseca (1997 a 2001)<\/p>\n<p data-raofz=\"16\"><a role=\"link\" href=\"https:\/\/portal.uern.br\/wp-content\/uploads\/2022\/10\/0064relatorio_1997_2001_recuperado.pdf\" data-raofz=\"16\">RELAT\u00d3RIO<\/a><\/p>\n<p data-raofz=\"16\">Gest\u00e3o Reitor Milton Marques de Medeiros (2005 a 2013)<\/p>\n<p data-raofz=\"16\"><a role=\"link\" href=\"https:\/\/portal.uern.br\/wp-content\/uploads\/2022\/10\/0064relatario_gesta%C6%92o_milton_marques_2005_2013.pdf\" data-raofz=\"16\">RELAT\u00d3RIO<\/a><\/p>\n<p data-raofz=\"16\">RELAT\u00d3RIO DE GEST\u00c3O DO SISTEMA DE INFOMA\u00c7\u00c3O AO\u00a0CIDAD\u00c3O (SIC \/Uern)<\/p>\n<p data-raofz=\"16\"><a role=\"link\" href=\"https:\/\/portal.uern.br\/wp-content\/uploads\/2022\/10\/RELATORIO-Gestao-e-SIC-UERN-2020-.pdf\" data-raofz=\"16\">RELAT\u00d3RIO<\/a><\/p>\n<p data-raofz=\"16\">Gest\u00e3o Reitor Pedro Fernandes Ribeiro Neto (2013 a 2021)<\/p>\n<p data-raofz=\"16\"><a href=\"https:\/\/portal.uern.br\/acessoainformacao\/wp-content\/uploads\/sites\/23\/2024\/09\/Relatorio-UERN-2013-2021.pdf\">RELAT\u00d3RIO<\/a><\/p>\n<p data-raofz=\"16\">Gest\u00e3o Reitora Cic\u00edlia Raquel Maia Leite<\/p>\n<p data-raofz=\"16\"><a role=\"link\" href=\"https:\/\/portal.uern.br\/wp-content\/uploads\/2023\/02\/Relatorio-de-Gestao2022-1.pdf\" data-raofz=\"16\">RELAT\u00d3RIO ANUAL DE GEST\u00c3O 2022<\/a><\/p>\n<p data-raofz=\"16\"><a href=\"https:\/\/portal.uern.br\/acessoainformacao\/wp-content\/uploads\/sites\/23\/2024\/08\/Relatorio-de-Gestao2023.pdf\">RELAT\u00d3RIO ANUAL DE GEST\u00c3O 2023<\/a><\/p>\n<p data-raofz=\"16\"><a href=\"https:\/\/portal.uern.br\/acessoainformacao\/wp-content\/uploads\/sites\/23\/2025\/09\/Relatorio-de-Gestao2024.pdf\">RELAT\u00d3RIO ANUAL DE GEST\u00c3O 2024<\/a><\/p>\n","protected":false},"excerpt":{"rendered":"<p>Gest\u00e3o Reitor Jos\u00e9 Walter da Fonseca (1997 a 2001) RELAT\u00d3RIO Gest\u00e3o Reitor Milton Marques de Medeiros (2005 a 2013) RELAT\u00d3RIO RELAT\u00d3RIO DE GEST\u00c3O DO SISTEMA DE INFOMA\u00c7\u00c3O AO\u00a0CIDAD\u00c3O (SIC \/Uern) RELAT\u00d3RIO Gest\u00e3o Reitor Pedro Fernandes Ribeiro Neto (2013 a 2021) RELAT\u00d3RIO Gest\u00e3o Reitora Cic\u00edlia Raquel Maia Leite RELAT\u00d3RIO ANUAL DE GEST\u00c3O 2022 RELAT\u00d3RIO ANUAL DE [&hellip;]<\/p>\n","protected":false},"author":45,"featured_media":0,"parent":0,"menu_order":0,"comment_status":"closed","ping_status":"closed","template":"","meta":[],"_links":{"self":[{"href":"https:\/\/portal.uern.br\/acessoainformacao\/wp-json\/wp\/v2\/pages\/100612"}],"collection":[{"href":"https:\/\/portal.uern.br\/acessoainformacao\/wp-json\/wp\/v2\/pages"}],"about":[{"href":"https:\/\/portal.uern.br\/acessoainformacao\/wp-json\/wp\/v2\/types\/page"}],"author":[{"embeddable":true,"href":"https:\/\/portal.uern.br\/acessoainformacao\/wp-json\/wp\/v2\/users\/45"}],"replies":[{"embeddable":true,"href":"https:\/\/portal.uern.br\/acessoainformacao\/wp-json\/wp\/v2\/comments?post=100612"}],"version-history":[{"count":4,"href":"https:\/\/portal.uern.br\/acessoainformacao\/wp-json\/wp\/v2\/pages\/100612\/revisions"}],"predecessor-version":[{"id":100784,"href":"https:\/\/portal.uern.br\/acessoainformacao\/wp-json\/wp\/v2\/pages\/100612\/revisions\/100784"}],"wp:attachment":[{"href":"https:\/\/portal.uern.br\/acessoainformacao\/wp-json\/wp\/v2\/media?parent=100612"}],"curies":[{"name":"wp","href":"https:\/\/api.w.org\/{rel}","templated":true}]}}