{"id":100574,"date":"2024-08-20T07:57:59","date_gmt":"2024-08-20T10:57:59","guid":{"rendered":"https:\/\/portal.uern.br\/acessoainformacao\/?page_id=100574"},"modified":"2024-08-30T12:41:56","modified_gmt":"2024-08-30T15:41:56","slug":"processos-mapeados-2024","status":"publish","type":"page","link":"https:\/\/portal.uern.br\/acessoainformacao\/processos-mapeados-2024\/","title":{"rendered":"Processos Mapeados 2024"},"content":{"rendered":"<p><strong>CONSELHO DIRETOR (CD)<\/strong><\/p>\n<p><a href=\"http:\/\/portal.uern.br\/wp-content\/uploads\/sites\/23\/rep_processos\/\">Resolu\u00e7\u00e3o n.\u00ba 23\/2023-CD<\/a> &#8211; Regulamenta a autoriza\u00e7\u00e3o de uso de espa\u00e7os f\u00edsicos da Fuern para eventos art\u00edsticos e culturais<\/p>\n<p><strong>SUPERINTEND\u00caNCIA DE TECNOLOGIA DA INFORMA\u00c7\u00c3O (STI)<\/strong><\/p>\n<p><a href=\"https:\/\/portal.uern.br\/wp-content\/uploads\/sites\/23\/pm\/sti\/aac\/#list\">Abertura de Chamados<\/a> no SOS-TI<\/p>\n<p><a href=\"https:\/\/portal.uern.br\/wp-content\/uploads\/sites\/23\/pm\/sti\/aac\/#list\">Acompanhamento de Chamados<\/a> no SOS-TI<\/p>\n<p><a href=\"https:\/\/portal.uern.br\/wp-content\/uploads\/sites\/23\/pm\/sti\/aac\/#list\">Recupera\u00e7\u00e3o de Senha<\/a> no SOS-TI<\/p>\n<p><strong>OUVIDORIA<\/strong><\/p>\n<p><a href=\"https:\/\/portal.uern.br\/acessoainformacao\/wp-content\/uploads\/sites\/23\/pm\/ouvidoria\/rr\/#list\">Registro de Elogios, Reclama\u00e7\u00f5es e Den\u00fancias<\/a> presencialmente<\/p>\n<p><a href=\"https:\/\/portal.uern.br\/acessoainformacao\/wp-content\/uploads\/sites\/23\/pm\/ouvidoria\/rr\/#list\">Registro de Elogios, Reclama\u00e7\u00f5es e Den\u00fancias<\/a> on-line<\/p>\n","protected":false},"excerpt":{"rendered":"<p>CONSELHO DIRETOR (CD) Resolu\u00e7\u00e3o n.\u00ba 23\/2023-CD &#8211; Regulamenta a autoriza\u00e7\u00e3o de uso de espa\u00e7os f\u00edsicos da Fuern para eventos art\u00edsticos e culturais SUPERINTEND\u00caNCIA DE TECNOLOGIA DA INFORMA\u00c7\u00c3O (STI) Abertura de Chamados no SOS-TI Acompanhamento de Chamados no SOS-TI Recupera\u00e7\u00e3o de Senha no SOS-TI OUVIDORIA Registro de Elogios, Reclama\u00e7\u00f5es e Den\u00fancias presencialmente Registro de Elogios, Reclama\u00e7\u00f5es [&hellip;]<\/p>\n","protected":false},"author":45,"featured_media":0,"parent":0,"menu_order":0,"comment_status":"closed","ping_status":"closed","template":"","meta":[],"_links":{"self":[{"href":"https:\/\/portal.uern.br\/acessoainformacao\/wp-json\/wp\/v2\/pages\/100574"}],"collection":[{"href":"https:\/\/portal.uern.br\/acessoainformacao\/wp-json\/wp\/v2\/pages"}],"about":[{"href":"https:\/\/portal.uern.br\/acessoainformacao\/wp-json\/wp\/v2\/types\/page"}],"author":[{"embeddable":true,"href":"https:\/\/portal.uern.br\/acessoainformacao\/wp-json\/wp\/v2\/users\/45"}],"replies":[{"embeddable":true,"href":"https:\/\/portal.uern.br\/acessoainformacao\/wp-json\/wp\/v2\/comments?post=100574"}],"version-history":[{"count":8,"href":"https:\/\/portal.uern.br\/acessoainformacao\/wp-json\/wp\/v2\/pages\/100574\/revisions"}],"predecessor-version":[{"id":100611,"href":"https:\/\/portal.uern.br\/acessoainformacao\/wp-json\/wp\/v2\/pages\/100574\/revisions\/100611"}],"wp:attachment":[{"href":"https:\/\/portal.uern.br\/acessoainformacao\/wp-json\/wp\/v2\/media?parent=100574"}],"curies":[{"name":"wp","href":"https:\/\/api.w.org\/{rel}","templated":true}]}}