{"id":100568,"date":"2024-08-15T09:42:19","date_gmt":"2024-08-15T12:42:19","guid":{"rendered":"https:\/\/portal.uern.br\/acessoainformacao\/?page_id=100568"},"modified":"2026-02-13T09:55:31","modified_gmt":"2026-02-13T12:55:31","slug":"comite-interno-de-integridade-e-compliance","status":"publish","type":"page","link":"https:\/\/portal.uern.br\/acessoainformacao\/comite-interno-de-integridade-e-compliance\/","title":{"rendered":"Comit\u00ea Interno de Integridade e Compliance"},"content":{"rendered":"<p>O Comit\u00ea Interno de Integridade e Compliance possui atua\u00e7\u00e3o estrat\u00e9gica n\u00e3o apenas para assegurar a conformidade com normas e regulamentos, mas tamb\u00e9m promove uma cultura \u00e9tica e transparente, permeando todos os setores da organiza\u00e7\u00e3o. Assim, o Comit\u00ea Interno n\u00e3o apenas se configura como um guardi\u00e3o da integridade, mas tamb\u00e9m como um motor propulsor, impulsionando a implementa\u00e7\u00e3o e efic\u00e1cia dos instrumentos do Programa de Integridade e Compliance, garantindo, dessa forma, a solidez e confian\u00e7a na gest\u00e3o p\u00fablica.<\/p>\n<h2><strong>Comp\u00f5em o Comit\u00ea Interno Integridade e Compliance:<\/strong><\/h2>\n<h5><a href=\"https:\/\/portal.uern.br\/acessoainformacao\/wp-content\/uploads\/sites\/23\/2026\/02\/Portaria_158-Comite-de-Integridade-e-Compliance-.pdf\">PORTARIA N\u00ba 3259\/2025-GP\/FUERN DE 04 DE SETEMBRO DE 2025:<\/a><\/h5>\n<p><strong>Professor Adonias Vidal de Medeiros J\u00fanior, Diretor de Planejamento;<\/strong><br \/>\nE-mail: adoniasvidal@uern.br<\/p>\n<p><strong>Professora J\u00e9ssica Neiva de Figueiredo Leite Ara\u00fajo, Assessora de Governan\u00e7a e Transpar\u00eancia;<\/strong><br \/>\nE-mail: jessicaneiva@uern.br<\/p>\n<p><strong>J\u00f4natas Marques de Andrade, TNM\/Presidente da Unidade de Controle Interno;<\/strong><br \/>\nE-mail: jonatasmarques@uern.br<\/p>\n<p><strong>Iata Anderson Fernandes, TNS\/Assessor Jur\u00eddico;<\/strong><br \/>\nE-mail: iataanderson@uern.br<\/p>\n<p><strong>Francisco James Silveira de Souza, TNS;<\/strong><br \/>\nE-mail: franciscojames@uern.br<\/p>\n<p><strong>Hugo Ferreira dos Santos, TNM \/ Chefe do Escrit\u00f3rio de Processos;<\/strong><br \/>\nE-mail: hugosantos@uern.br<\/p>\n","protected":false},"excerpt":{"rendered":"<p>O Comit\u00ea Interno de Integridade e Compliance possui atua\u00e7\u00e3o estrat\u00e9gica n\u00e3o apenas para assegurar a conformidade com normas e regulamentos, mas tamb\u00e9m promove uma cultura \u00e9tica e transparente, permeando todos os setores da organiza\u00e7\u00e3o. Assim, o Comit\u00ea Interno n\u00e3o apenas se configura como um guardi\u00e3o da integridade, mas tamb\u00e9m como um motor propulsor, impulsionando a [&hellip;]<\/p>\n","protected":false},"author":45,"featured_media":0,"parent":0,"menu_order":0,"comment_status":"closed","ping_status":"closed","template":"","meta":[],"_links":{"self":[{"href":"https:\/\/portal.uern.br\/acessoainformacao\/wp-json\/wp\/v2\/pages\/100568"}],"collection":[{"href":"https:\/\/portal.uern.br\/acessoainformacao\/wp-json\/wp\/v2\/pages"}],"about":[{"href":"https:\/\/portal.uern.br\/acessoainformacao\/wp-json\/wp\/v2\/types\/page"}],"author":[{"embeddable":true,"href":"https:\/\/portal.uern.br\/acessoainformacao\/wp-json\/wp\/v2\/users\/45"}],"replies":[{"embeddable":true,"href":"https:\/\/portal.uern.br\/acessoainformacao\/wp-json\/wp\/v2\/comments?post=100568"}],"version-history":[{"count":6,"href":"https:\/\/portal.uern.br\/acessoainformacao\/wp-json\/wp\/v2\/pages\/100568\/revisions"}],"predecessor-version":[{"id":100816,"href":"https:\/\/portal.uern.br\/acessoainformacao\/wp-json\/wp\/v2\/pages\/100568\/revisions\/100816"}],"wp:attachment":[{"href":"https:\/\/portal.uern.br\/acessoainformacao\/wp-json\/wp\/v2\/media?parent=100568"}],"curies":[{"name":"wp","href":"https:\/\/api.w.org\/{rel}","templated":true}]}}