{"id":100564,"date":"2024-08-15T09:30:57","date_gmt":"2024-08-15T12:30:57","guid":{"rendered":"https:\/\/portal.uern.br\/acessoainformacao\/?page_id=100564"},"modified":"2024-08-23T12:31:15","modified_gmt":"2024-08-23T15:31:15","slug":"gestao-de-projetos","status":"publish","type":"page","link":"https:\/\/portal.uern.br\/acessoainformacao\/gestao-de-projetos\/","title":{"rendered":"Gest\u00e3o de Projetos"},"content":{"rendered":"<p>A Gest\u00e3o de Projetos, em uma Universidade P\u00fablica, \u00e9 ainda mais relevante quando os projetos est\u00e3o totalmente alinhados com o planejamento estrat\u00e9gico da institui\u00e7\u00e3o. Esse alinhamento garante que cada iniciativa esteja direcionada para o cumprimento dos objetivos e metas de longo prazo, definidos pela Universidade, promovendo um desenvolvimento sustent\u00e1vel e cont\u00ednuo.<\/p>\n<p>Com projetos estrat\u00e9gicos bem estruturados, \u00e9 poss\u00edvel avan\u00e7ar em \u00e1reas-chave como pesquisa, inova\u00e7\u00e3o, infraestrutura e qualidade de ensino, ao mesmo tempo em que se assegura que os recursos humanos e financeiros sejam alocados de maneira otimizada. Dessa forma, a gest\u00e3o eficiente dos projetos atua como uma ponte entre a vis\u00e3o de futuro da Universidade e sua execu\u00e7\u00e3o pr\u00e1tica, consolidando seu papel como um centro de excel\u00eancia acad\u00eamica e de impacto social.<\/p>\n<p style=\"text-align: left\">Al\u00e9m disso, essa sinergia entre projetos e planejamento estrat\u00e9gico possibilita uma maior adaptabilidade diante de desafios e mudan\u00e7as no cen\u00e1rio educacional, tecnol\u00f3gico e econ\u00f4mico. Assim, a UERN se posiciona de maneira proativa, com a capacidade de ajustar seus projetos de acordo com as necessidades emergentes, sempre preservando sua miss\u00e3o Institucional.<\/p>\n<p style=\"text-align: center\">\u00a0 <iframe style=\"border: 0\" src=\"https:\/\/lookerstudio.google.com\/embed\/reporting\/9fde02d1-6058-4df5-86ac-83991d3183e3\/page\/h2f9D\" width=\"1024\" height=\"800\" frameborder=\"0\" allowfullscreen=\"allowfullscreen\"><span data-mce-type=\"bookmark\" style=\"width: 0px;overflow: hidden;line-height: 0\" class=\"mce_SELRES_start\">\ufeff<\/span><\/iframe><\/p>\n<p><a href=\"https:\/\/portal.uern.br\/acessoainformacao\/wp-content\/uploads\/sites\/23\/2024\/08\/Relacao-de-Projetos-UERN.pdf\" target=\"_blank\" rel=\"noopener\">Confira todos os principais Projetos da UERN<\/a><\/p>\n","protected":false},"excerpt":{"rendered":"<p>A Gest\u00e3o de Projetos, em uma Universidade P\u00fablica, \u00e9 ainda mais relevante quando os projetos est\u00e3o totalmente alinhados com o planejamento estrat\u00e9gico da institui\u00e7\u00e3o. Esse alinhamento garante que cada iniciativa esteja direcionada para o cumprimento dos objetivos e metas de longo prazo, definidos pela Universidade, promovendo um desenvolvimento sustent\u00e1vel e cont\u00ednuo. Com projetos estrat\u00e9gicos bem [&hellip;]<\/p>\n","protected":false},"author":45,"featured_media":0,"parent":0,"menu_order":0,"comment_status":"closed","ping_status":"closed","template":"","meta":[],"_links":{"self":[{"href":"https:\/\/portal.uern.br\/acessoainformacao\/wp-json\/wp\/v2\/pages\/100564"}],"collection":[{"href":"https:\/\/portal.uern.br\/acessoainformacao\/wp-json\/wp\/v2\/pages"}],"about":[{"href":"https:\/\/portal.uern.br\/acessoainformacao\/wp-json\/wp\/v2\/types\/page"}],"author":[{"embeddable":true,"href":"https:\/\/portal.uern.br\/acessoainformacao\/wp-json\/wp\/v2\/users\/45"}],"replies":[{"embeddable":true,"href":"https:\/\/portal.uern.br\/acessoainformacao\/wp-json\/wp\/v2\/comments?post=100564"}],"version-history":[{"count":3,"href":"https:\/\/portal.uern.br\/acessoainformacao\/wp-json\/wp\/v2\/pages\/100564\/revisions"}],"predecessor-version":[{"id":100602,"href":"https:\/\/portal.uern.br\/acessoainformacao\/wp-json\/wp\/v2\/pages\/100564\/revisions\/100602"}],"wp:attachment":[{"href":"https:\/\/portal.uern.br\/acessoainformacao\/wp-json\/wp\/v2\/media?parent=100564"}],"curies":[{"name":"wp","href":"https:\/\/api.w.org\/{rel}","templated":true}]}}