{"id":100472,"date":"2024-07-24T20:49:19","date_gmt":"2024-07-24T23:49:19","guid":{"rendered":"https:\/\/portal.uern.br\/acessoainformacao\/?page_id=100472"},"modified":"2024-08-30T10:53:55","modified_gmt":"2024-08-30T13:53:55","slug":"repositorio-de-processos","status":"publish","type":"page","link":"https:\/\/portal.uern.br\/acessoainformacao\/repositorio-de-processos\/","title":{"rendered":"Reposit\u00f3rio de Processos"},"content":{"rendered":"<p>No ambiente acad\u00eamico, especialmente em uma universidade p\u00fablica, a gest\u00e3o eficiente dos processos administrativos e acad\u00eamicos \u00e9 fundamental para assegurar o bom funcionamento da institui\u00e7\u00e3o. Nesse contexto, a implementa\u00e7\u00e3o de um reposit\u00f3rio de processos torna-se uma ferramenta essencial. Este documento apresenta a import\u00e2ncia e os benef\u00edcios de um reposit\u00f3rio de processos para uma universidade p\u00fablica.<\/p>\n<h4>O que \u00e9 um Reposit\u00f3rio de Processos?<\/h4>\n<p>Um reposit\u00f3rio de processos \u00e9 um sistema centralizado onde s\u00e3o armazenados, organizados e gerenciados os processos administrativos e acad\u00eamicos de uma institui\u00e7\u00e3o. Ele inclui fluxos de trabalho, procedimentos operacionais, normas, regulamentos e diretrizes que guiam as atividades da universidade.<\/p>\n<p>A implementa\u00e7\u00e3o de um reposit\u00f3rio de processos em uma universidade p\u00fablica n\u00e3o \u00e9 apenas uma pr\u00e1tica recomendada, mas uma necessidade para garantir a efici\u00eancia, transpar\u00eancia e conformidade nas suas opera\u00e7\u00f5es. Al\u00e9m disso, contribui significativamente para a melhoria cont\u00ednua e a tomada de decis\u00f5es informadas, promovendo um ambiente acad\u00eamico mais organizado e eficiente. Investir em um reposit\u00f3rio de processos \u00e9 investir na qualidade e no futuro da institui\u00e7\u00e3o.<\/p>\n<p style=\"text-align: left\"><a href=\"https:\/\/portal.uern.br\/acessoainformacao\/processos-mapeados-2024\/\">Processos Mapeados 2024<\/a><\/p>\n<p><strong>LEGISLA\u00c7\u00c3O:<\/strong><\/p>\n<p><a href=\"https:\/\/portal.uern.br\/acessoainformacao\/wp-content\/uploads\/sites\/23\/2024\/08\/DOC000000000321090.pdf\">DECRETO N\u00ba 33.095\/2023<\/a> &#8211; Programa de Integridade e Compliance do Governo do Rio Grande do Norte<\/p>\n<p><a href=\"https:\/\/portal.uern.br\/acessoainformacao\/wp-content\/uploads\/sites\/23\/2024\/08\/Guia-1.pdf\">Guia do Comit\u00ea Interno de Integridade e Compliance<\/a> &#8211; Volume 1<\/p>\n<p style=\"text-align: center\"><iframe style=\"border: 0\" src=\"https:\/\/lookerstudio.google.com\/embed\/reporting\/215d442f-65d1-41ea-8fcc-f913413a19ae\/page\/p_xrnptg5bkd\" width=\"1024\" height=\"600\" frameborder=\"0\" allowfullscreen=\"allowfullscreen\"><span data-mce-type=\"bookmark\" style=\"width: 0px;overflow: hidden;line-height: 0\" class=\"mce_SELRES_start\">\ufeff<\/span><span data-mce-type=\"bookmark\" style=\"width: 0px;overflow: hidden;line-height: 0\" class=\"mce_SELRES_start\">\ufeff<\/span><\/iframe><\/p>\n<p>&nbsp;<\/p>\n","protected":false},"excerpt":{"rendered":"<p>No ambiente acad\u00eamico, especialmente em uma universidade p\u00fablica, a gest\u00e3o eficiente dos processos administrativos e acad\u00eamicos \u00e9 fundamental para assegurar o bom funcionamento da institui\u00e7\u00e3o. Nesse contexto, a implementa\u00e7\u00e3o de um reposit\u00f3rio de processos torna-se uma ferramenta essencial. Este documento apresenta a import\u00e2ncia e os benef\u00edcios de um reposit\u00f3rio de processos para uma universidade p\u00fablica. [&hellip;]<\/p>\n","protected":false},"author":45,"featured_media":0,"parent":0,"menu_order":0,"comment_status":"closed","ping_status":"closed","template":"","meta":[],"_links":{"self":[{"href":"https:\/\/portal.uern.br\/acessoainformacao\/wp-json\/wp\/v2\/pages\/100472"}],"collection":[{"href":"https:\/\/portal.uern.br\/acessoainformacao\/wp-json\/wp\/v2\/pages"}],"about":[{"href":"https:\/\/portal.uern.br\/acessoainformacao\/wp-json\/wp\/v2\/types\/page"}],"author":[{"embeddable":true,"href":"https:\/\/portal.uern.br\/acessoainformacao\/wp-json\/wp\/v2\/users\/45"}],"replies":[{"embeddable":true,"href":"https:\/\/portal.uern.br\/acessoainformacao\/wp-json\/wp\/v2\/comments?post=100472"}],"version-history":[{"count":13,"href":"https:\/\/portal.uern.br\/acessoainformacao\/wp-json\/wp\/v2\/pages\/100472\/revisions"}],"predecessor-version":[{"id":100609,"href":"https:\/\/portal.uern.br\/acessoainformacao\/wp-json\/wp\/v2\/pages\/100472\/revisions\/100609"}],"wp:attachment":[{"href":"https:\/\/portal.uern.br\/acessoainformacao\/wp-json\/wp\/v2\/media?parent=100472"}],"curies":[{"name":"wp","href":"https:\/\/api.w.org\/{rel}","templated":true}]}}