{"id":100465,"date":"2024-07-24T17:44:29","date_gmt":"2024-07-24T20:44:29","guid":{"rendered":"https:\/\/portal.uern.br\/acessoainformacao\/?page_id=100465"},"modified":"2026-03-25T14:04:00","modified_gmt":"2026-03-25T17:04:00","slug":"planejamento","status":"publish","type":"page","link":"https:\/\/portal.uern.br\/acessoainformacao\/planejamento\/","title":{"rendered":"Planejamento Estrat\u00e9gico"},"content":{"rendered":"<p><span style=\"font-weight: 400\">Aqui, voc\u00ea encontrar\u00e1 informa\u00e7\u00f5es abrangentes sobre as diretrizes, pr\u00e1ticas e estruturas de planejamento que adotamos para garantir uma gest\u00e3o transparente, respons\u00e1vel e eficaz, visando ao interesse p\u00fablico e \u00e0 melhoria dos servi\u00e7os prestados pela UERN.<\/span><\/p>\n<p>O planejamento em uma universidade p\u00fablica \u00e9 um processo essencial para garantir a efici\u00eancia, a qualidade e a sustentabilidade das atividades acad\u00eamicas, administrativas e de extens\u00e3o. Esse planejamento envolve a elabora\u00e7\u00e3o de diversos documentos que orientam as a\u00e7\u00f5es e metas da institui\u00e7\u00e3o. Entre esses documentos, destacam-se o Plano de Desenvolvimento Institucional (PDI), o Plano de Gest\u00e3o e o Plano de Contrata\u00e7\u00e3o Anual (PCA).<\/p>\n<p>&nbsp;<\/p>\n<h4>Plano de Desenvolvimento Institucional (PDI)<\/h4>\n<p>O Plano de Desenvolvimento Institucional (PDI) \u00e9 um documento estrat\u00e9gico que tra\u00e7a as diretrizes e objetivos da universidade para um per\u00edodo determinado. Ele \u00e9 elaborado com a participa\u00e7\u00e3o de diversos setores da comunidade acad\u00eamica e considera o contexto socioecon\u00f4mico, cultural e educacional em que a institui\u00e7\u00e3o est\u00e1 inserida. No PDI \u00e9 poss\u00edvel encontrar: <strong>Miss\u00e3o, Vis\u00e3o, Valores, <\/strong><strong>Objetivos e Metas.<\/strong><\/p>\n<p>Confira a vers\u00e3o completa do <a href=\"https:\/\/portal.uern.br\/pdi\/\"><span style=\"font-weight: 400\">Plano de Desenvolvimento Institucional 2016-2026<\/span><\/a><\/p>\n<h4>Plano de Plurianual (PPA)<\/h4>\n<ul>\n<li><a href=\"http:\/\/www.uern.br\/controledepaginas\/proplan-legislacao\/arquivos\/0539_ppa_2020_2023_lei_n_10.695.pdf\"><strong>PPA 2020\/2023<\/strong><\/a>\u00a0\u2013 Plano Plurianual do Estado do Rio Grande do Norte 2020-2023\n<ul>\n<li><a href=\"http:\/\/www.uern.br\/controledepaginas\/proplan-legislacao\/arquivos\/0539_relatorio_avaliacao_ppa_2022_fuern.pdf\"><strong>Relat\u00f3rio de Avalia\u00e7\u00e3o PPA 2020-2023<\/strong><\/a>\u00a0\u2013 Exerc\u00edcio 2022<\/li>\n<li><a href=\"https:\/\/portal.uern.br\/proplan\/wp-content\/uploads\/2024\/04\/Relatorio_Avaliacao_PPA_2023_Fuern.pdf\"><strong>Relat\u00f3rio de Avalia\u00e7\u00e3o PPA 2020-2023<\/strong><\/a>\u00a0\u2013 Exerc\u00edcio 2023<\/li>\n<\/ul>\n<\/li>\n<\/ul>\n<p>&nbsp;<\/p>\n<ul>\n<li><a href=\"https:\/\/portal.uern.br\/proplan\/wp-content\/uploads\/2024\/02\/PPA_2024-2027_FUERN.pdf\"><strong>PPA 2024\/2027<\/strong><\/a>\u00a0\u2013 Plano Plurianual do Estado do Rio Grande do Norte 2024-2027\n<ul>\n<li><a href=\"https:\/\/portal.uern.br\/proplan\/wp-content\/uploads\/2025\/09\/Relatorio_Avaliacao_PPA_2024_Fuern.pdf\"><strong>Relat\u00f3rio de Avalia\u00e7\u00e3o PPA 2024-2027<\/strong><\/a>\u00a0\u2013 Exerc\u00edcio 2024<\/li>\n<li><a href=\"https:\/\/portal.uern.br\/proplan\/wp-content\/uploads\/2026\/02\/Relatorio_Avaliacao_PPA_2025_Fuern.pdf\"><strong>Relat\u00f3rio de Avalia\u00e7\u00e3o PPA 2024-2027<\/strong><\/a>\u00a0\u2013 Exerc\u00edcio 2025<\/li>\n<\/ul>\n<\/li>\n<\/ul>\n<h4><\/h4>\n<h4>Plano de Gest\u00e3o<\/h4>\n<p>O Plano de Gest\u00e3o \u00e9 um documento que detalha as a\u00e7\u00f5es e iniciativas espec\u00edficas a serem implementadas durante a gest\u00e3o atual.<\/p>\n<p>Confira a vers\u00e3o completa do <a href=\"https:\/\/portal.uern.br\/acessoainformacao\/wp-content\/uploads\/sites\/23\/2024\/07\/Plano-Gestao-21-25.pdf\">Plano de Gest\u00e3o 2021-2025<\/a> e o <a href=\"https:\/\/plataforma2125.uern.br\/\"><span style=\"font-weight: 400\">Plataforma 21-25<\/span><\/a><span style=\"font-weight: 400\"> para o acompanhamento de sua execu\u00e7\u00e3o.<\/span><\/p>\n<h4>Plano de Contrata\u00e7\u00e3o Anual<\/h4>\n<p>O Plano de Contrata\u00e7\u00e3o Anual \u00e9 um documento que organiza e planeja as necessidades de contrata\u00e7\u00e3o para um ano espec\u00edfico. Este plano \u00e9 essencial para garantir que a universidade tenha os servi\u00e7os e investimentos necess\u00e1rios para o seu funcionamento.<\/p>\n<p style=\"text-align: center\">\u00a0<a href=\"https:\/\/portal.uern.br\/acessoainformacao\/wp-content\/uploads\/sites\/23\/2025\/09\/Publicacao-PCA-2025-Portal-Uern-V-4-e-5-1.pdf\"><img decoding=\"async\" class=\"alignnone wp-image-100766\" src=\"https:\/\/portal.uern.br\/acessoainformacao\/wp-content\/uploads\/sites\/23\/2025\/06\/1.png\" alt=\"\" width=\"200\" height=\"200\" srcset=\"https:\/\/portal.uern.br\/acessoainformacao\/wp-content\/uploads\/sites\/23\/2025\/06\/1.png 500w, https:\/\/portal.uern.br\/acessoainformacao\/wp-content\/uploads\/sites\/23\/2025\/06\/1-300x300.png 300w, https:\/\/portal.uern.br\/acessoainformacao\/wp-content\/uploads\/sites\/23\/2025\/06\/1-150x150.png 150w\" sizes=\"(max-width: 200px) 100vw, 200px\" \/><\/a> <a href=\"https:\/\/portal.uern.br\/acessoainformacao\/wp-content\/uploads\/sites\/23\/2026\/03\/PCA-2026-Portal-Uern-V-04_2026.pdf\"><img decoding=\"async\" class=\"alignnone wp-image-100767\" src=\"https:\/\/portal.uern.br\/acessoainformacao\/wp-content\/uploads\/sites\/23\/2025\/06\/2.png\" alt=\"\" width=\"200\" height=\"200\" srcset=\"https:\/\/portal.uern.br\/acessoainformacao\/wp-content\/uploads\/sites\/23\/2025\/06\/2.png 500w, https:\/\/portal.uern.br\/acessoainformacao\/wp-content\/uploads\/sites\/23\/2025\/06\/2-300x300.png 300w, https:\/\/portal.uern.br\/acessoainformacao\/wp-content\/uploads\/sites\/23\/2025\/06\/2-150x150.png 150w\" sizes=\"(max-width: 200px) 100vw, 200px\" \/><\/a><\/p>\n<p>O planejamento estrat\u00e9gico em uma universidade p\u00fablica \u00e9 fundamental para a promo\u00e7\u00e3o de um ambiente acad\u00eamico de qualidade, que atenda \u00e0s demandas da sociedade e promova o desenvolvimento cient\u00edfico e tecnol\u00f3gico. Documentos como o PDI, o Plano de Gest\u00e3o e o Plano de Contrata\u00e7\u00e3o Anual s\u00e3o instrumentos essenciais para garantir que a universidade possa planejar suas a\u00e7\u00f5es de forma organizada, eficiente e transparente, assegurando o cumprimento de sua miss\u00e3o educacional e social.<\/p>\n<p>Al\u00e9m disso, esses documentos facilitam a capta\u00e7\u00e3o de recursos, a presta\u00e7\u00e3o de contas e a avalia\u00e7\u00e3o cont\u00ednua das atividades da institui\u00e7\u00e3o, promovendo uma gest\u00e3o participativa e democr\u00e1tica, onde todos os membros da comunidade acad\u00eamica t\u00eam voz e contribuem para o desenvolvimento sustent\u00e1vel da universidade.<\/p>\n<h4>Confira o Mapa Estrat\u00e9gico da UERN:<\/h4>\n<h4><img fetchpriority=\"high\" decoding=\"async\" class=\"size-full wp-image-100820 aligncenter\" src=\"https:\/\/portal.uern.br\/acessoainformacao\/wp-content\/uploads\/sites\/23\/2026\/02\/Mapa-Estrategico-da-UERN.jpeg\" alt=\"\" width=\"896\" height=\"634\" srcset=\"https:\/\/portal.uern.br\/acessoainformacao\/wp-content\/uploads\/sites\/23\/2026\/02\/Mapa-Estrategico-da-UERN.jpeg 896w, https:\/\/portal.uern.br\/acessoainformacao\/wp-content\/uploads\/sites\/23\/2026\/02\/Mapa-Estrategico-da-UERN-300x212.jpeg 300w, https:\/\/portal.uern.br\/acessoainformacao\/wp-content\/uploads\/sites\/23\/2026\/02\/Mapa-Estrategico-da-UERN-768x543.jpeg 768w\" sizes=\"(max-width: 896px) 100vw, 896px\" \/><\/h4>\n","protected":false},"excerpt":{"rendered":"<p>Aqui, voc\u00ea encontrar\u00e1 informa\u00e7\u00f5es abrangentes sobre as diretrizes, pr\u00e1ticas e estruturas de planejamento que adotamos para garantir uma gest\u00e3o transparente, respons\u00e1vel e eficaz, visando ao interesse p\u00fablico e \u00e0 melhoria dos servi\u00e7os prestados pela UERN. O planejamento em uma universidade p\u00fablica \u00e9 um processo essencial para garantir a efici\u00eancia, a qualidade e a sustentabilidade das [&hellip;]<\/p>\n","protected":false},"author":45,"featured_media":0,"parent":0,"menu_order":0,"comment_status":"closed","ping_status":"closed","template":"","meta":[],"_links":{"self":[{"href":"https:\/\/portal.uern.br\/acessoainformacao\/wp-json\/wp\/v2\/pages\/100465"}],"collection":[{"href":"https:\/\/portal.uern.br\/acessoainformacao\/wp-json\/wp\/v2\/pages"}],"about":[{"href":"https:\/\/portal.uern.br\/acessoainformacao\/wp-json\/wp\/v2\/types\/page"}],"author":[{"embeddable":true,"href":"https:\/\/portal.uern.br\/acessoainformacao\/wp-json\/wp\/v2\/users\/45"}],"replies":[{"embeddable":true,"href":"https:\/\/portal.uern.br\/acessoainformacao\/wp-json\/wp\/v2\/comments?post=100465"}],"version-history":[{"count":20,"href":"https:\/\/portal.uern.br\/acessoainformacao\/wp-json\/wp\/v2\/pages\/100465\/revisions"}],"predecessor-version":[{"id":100829,"href":"https:\/\/portal.uern.br\/acessoainformacao\/wp-json\/wp\/v2\/pages\/100465\/revisions\/100829"}],"wp:attachment":[{"href":"https:\/\/portal.uern.br\/acessoainformacao\/wp-json\/wp\/v2\/media?parent=100465"}],"curies":[{"name":"wp","href":"https:\/\/api.w.org\/{rel}","templated":true}]}}