{"id":100371,"date":"2023-10-02T10:04:23","date_gmt":"2023-10-02T13:04:23","guid":{"rendered":"https:\/\/portal.uern.br\/acessoainformacao\/?page_id=100371"},"modified":"2025-09-04T08:59:53","modified_gmt":"2025-09-04T11:59:53","slug":"capacitacoes-do-escritorio-de-processos","status":"publish","type":"page","link":"https:\/\/portal.uern.br\/acessoainformacao\/capacitacoes-do-escritorio-de-processos\/","title":{"rendered":"Capacita\u00e7\u00f5es do Escrit\u00f3rio de Processos"},"content":{"rendered":"<p><a href=\"https:\/\/www.youtube.com\/watch?v=Omhgt4Fn6-I\">Boas Pr\u00e1ticas de Uso do SEI<\/a>\u00a0(2023)<\/p>\n<p>Este curso tem como objetivo mostrar de forma pr\u00e1tica diversas funcionalidades do Sistema SEI e como seus usu\u00e1rios podem utiliz\u00e1-las para otimizar suas rotinas e gerir melhor suas respectivas unidades.<\/p>\n<p style=\"text-align: center\"><iframe src=\"https:\/\/www.youtube.com\/embed\/Omhgt4Fn6-I?si=MFCN7UQGyr9jtj8B\" width=\"420\" height=\"315\" frameborder=\"0\" allowfullscreen=\"allowfullscreen\"><span data-mce-type=\"bookmark\" style=\"width: 0px;overflow: hidden;line-height: 0\" class=\"mce_SELRES_start\">\ufeff<\/span><span data-mce-type=\"bookmark\" style=\"width: 0px;overflow: hidden;line-height: 0\" class=\"mce_SELRES_start\">\ufeff<\/span><span data-mce-type=\"bookmark\" style=\"width: 0px;overflow: hidden;line-height: 0\" class=\"mce_SELRES_start\">\ufeff<\/span><\/iframe><\/p>\n<p><a href=\"https:\/\/youtu.be\/EHphlWBuC1c?feature=shared\">Introdu\u00e7\u00e3o \u00e0 Gest\u00e3o de Processos<\/a> (2023)<\/p>\n<p>Este curso tem como objetivo introduzir os servidores na cultura de Gest\u00e3o de Processos (BPM), explicando o que \u00e9 um processo, nomenclaturas e nota\u00e7\u00f5es b\u00e1sicas.<\/p>\n<p style=\"text-align: center\"><iframe src=\"https:\/\/www.youtube.com\/embed\/EHphlWBuC1c?si=SFIbHdly0_uPTEro\" width=\"420\" height=\"315\" frameborder=\"0\" allowfullscreen=\"allowfullscreen\"><span data-mce-type=\"bookmark\" style=\"width: 0px;overflow: hidden;line-height: 0\" class=\"mce_SELRES_start\">\ufeff<\/span><span data-mce-type=\"bookmark\" style=\"width: 0px;overflow: hidden;line-height: 0\" class=\"mce_SELRES_start\">\ufeff<\/span><\/iframe><\/p>\n<p><a href=\"https:\/\/www.youtube.com\/watch?v=uhkADdU59Jk\" target=\"_blank\" rel=\"noopener\">Introdu\u00e7\u00e3o \u00e0 Gest\u00e3o de Processos: Conceitos Iniciais e No\u00e7\u00e3o dos Processos na UERN<\/a> (2024)<\/p>\n<p>Este curso tem como objetivo introduzir os servidores na cultura de Gest\u00e3o de Processos (BPM), explicando o que \u00e9 um processo, nomenclaturas e nota\u00e7\u00f5es b\u00e1sicas. Al\u00e9m de mostrar como identificar um processo dentro da sua pr\u00f3pria unidade por interm\u00e9dio da ferramenta SIPOC.<\/p>\n<p style=\"text-align: center\"><iframe src=\"https:\/\/www.youtube.com\/embed\/uhkADdU59Jk?si=MiD8uLYjg-E0Q42w\" width=\"420\" height=\"315\" frameborder=\"0\" allowfullscreen=\"allowfullscreen\"><span data-mce-type=\"bookmark\" style=\"width: 0px;overflow: hidden;line-height: 0\" class=\"mce_SELRES_start\">\ufeff<\/span><\/iframe><\/p>\n<p><a href=\"https:\/\/www.youtube.com\/watch?v=s6ZkxZw0dng\">Introdu\u00e7\u00e3o \u00e0 Gest\u00e3o de Projetos<\/a> (2024)<\/p>\n<p>Conceitos iniciais, como encarar atividades complexas como projeto e como fazer um plano de projeto.<\/p>\n<p style=\"text-align: center\"><iframe src=\"https:\/\/www.youtube.com\/embed\/s6ZkxZw0dng?si=2g4hwVNxrMuaxzGO\" width=\"420\" height=\"315\" frameborder=\"0\" allowfullscreen=\"allowfullscreen\"><\/iframe><\/p>\n<p><a href=\"https:\/\/www.youtube.com\/watch?v=mRefbYEVm00\">Planejamento Estrat\u00e9gico<\/a>\u00a0(2024)<\/p>\n<p>Aprenda os conceitos b\u00e1sicos do Planejamento Estrat\u00e9gico: Miss\u00e3o, Vis\u00e3o, Valores, Metas SMART e Matriz RACI.<\/p>\n<p style=\"text-align: center\"><iframe src=\"https:\/\/www.youtube.com\/embed\/mRefbYEVm00?si=MFY6OlQxr3muIakz\" width=\"420\" height=\"315\" frameborder=\"0\" allowfullscreen=\"allowfullscreen\"><\/iframe><\/p>\n<p><a href=\"https:\/\/www.youtube.com\/watch?v=MmXTEX9to-M\">Solicita\u00e7\u00e3o de uso dos Espacos da UERN para Eventos<\/a> (2024)<\/p>\n<p>Aprenda o fluxo de Processo para Solicita\u00e7\u00e3o de uso dos Espacos da UERN para Eventos<\/p>\n<p style=\"text-align: center\"><iframe src=\"https:\/\/www.youtube.com\/embed\/MmXTEX9to-M?si=LYtUi_99Fzl5IBWS\" width=\"420\" height=\"315\" frameborder=\"0\" allowfullscreen=\"allowfullscreen\"><\/iframe><\/p>\n<p><a href=\"https:\/\/www.youtube.com\/watch?v=tQaCHyjHar0\">Processos Sigilosos no \u00e2mbito do Governo do Estado<\/a> (2025)<\/p>\n<p>Aprenda o contexto e as normas dos processos sigilosos no \u00e2mbito do Governo do Estado.<\/p>\n<p style=\"text-align: center\"><iframe src=\"https:\/\/www.youtube.com\/embed\/tQaCHyjHar0?si=s65r4dQo0lAJtyLd\" width=\"560\" height=\"315\" frameborder=\"0\" allowfullscreen=\"allowfullscreen\"><\/iframe><\/p>\n<p><a href=\"https:\/\/youtu.be\/lybxqfh9zjw?feature=shared\">Ciclo Formativo Saber que Acolhe: No\u00e7\u00f5es do SEI<\/a> (2025)<\/p>\n<p>Aprenda o poder da plataforma SEI no gerenciamento de processos administrativos e demandas.<\/p>\n<p style=\"text-align: center\"><iframe src=\"https:\/\/www.youtube.com\/embed\/lybxqfh9zjw?si=rfxDcZHgfMWGlVeb\" width=\"560\" height=\"315\" frameborder=\"0\" allowfullscreen=\"allowfullscreen\"><\/iframe><\/p>\n","protected":false},"excerpt":{"rendered":"<p>Boas Pr\u00e1ticas de Uso do SEI\u00a0(2023) Este curso tem como objetivo mostrar de forma pr\u00e1tica diversas funcionalidades do Sistema SEI e como seus usu\u00e1rios podem utiliz\u00e1-las para otimizar suas rotinas e gerir melhor suas respectivas unidades. \ufeff\ufeff\ufeff Introdu\u00e7\u00e3o \u00e0 Gest\u00e3o de Processos (2023) Este curso tem como objetivo introduzir os servidores na cultura de Gest\u00e3o [&hellip;]<\/p>\n","protected":false},"author":45,"featured_media":0,"parent":0,"menu_order":0,"comment_status":"closed","ping_status":"closed","template":"","meta":[],"_links":{"self":[{"href":"https:\/\/portal.uern.br\/acessoainformacao\/wp-json\/wp\/v2\/pages\/100371"}],"collection":[{"href":"https:\/\/portal.uern.br\/acessoainformacao\/wp-json\/wp\/v2\/pages"}],"about":[{"href":"https:\/\/portal.uern.br\/acessoainformacao\/wp-json\/wp\/v2\/types\/page"}],"author":[{"embeddable":true,"href":"https:\/\/portal.uern.br\/acessoainformacao\/wp-json\/wp\/v2\/users\/45"}],"replies":[{"embeddable":true,"href":"https:\/\/portal.uern.br\/acessoainformacao\/wp-json\/wp\/v2\/comments?post=100371"}],"version-history":[{"count":19,"href":"https:\/\/portal.uern.br\/acessoainformacao\/wp-json\/wp\/v2\/pages\/100371\/revisions"}],"predecessor-version":[{"id":100782,"href":"https:\/\/portal.uern.br\/acessoainformacao\/wp-json\/wp\/v2\/pages\/100371\/revisions\/100782"}],"wp:attachment":[{"href":"https:\/\/portal.uern.br\/acessoainformacao\/wp-json\/wp\/v2\/media?parent=100371"}],"curies":[{"name":"wp","href":"https:\/\/api.w.org\/{rel}","templated":true}]}}