{"id":100357,"date":"2023-09-22T10:52:48","date_gmt":"2023-09-22T13:52:48","guid":{"rendered":"https:\/\/portal.uern.br\/acessoainformacao\/?page_id=100357"},"modified":"2023-09-22T10:52:48","modified_gmt":"2023-09-22T13:52:48","slug":"indicadores","status":"publish","type":"page","link":"https:\/\/portal.uern.br\/acessoainformacao\/indicadores\/","title":{"rendered":"Indicadores"},"content":{"rendered":"<p>Aqui na se\u00e7\u00e3o de indicadores do nosso portal de transpar\u00eancia, voc\u00ea encontrar\u00e1 uma variedade de informa\u00e7\u00f5es essenciais que refletem o desempenho e a efici\u00eancia da nossa institui\u00e7\u00e3o. Esses indicadores abrangem \u00e1reas como finan\u00e7as, gest\u00e3o de recursos, resultados de projetos e programas, bem como a presta\u00e7\u00e3o de servi\u00e7os p\u00fablicos.<\/p>\n<p>Atrav\u00e9s desses indicadores, buscamos fornecer uma vis\u00e3o clara e objetiva do nosso trabalho, permitindo que voc\u00eas acompanhem o nosso desenvolvimento e verifiquem nosso compromisso com a transpar\u00eancia e progresso\u00a0cont\u00ednuo. Estamos comprometidos em compartilhar essas informa\u00e7\u00f5es de forma acess\u00edvel e compreens\u00edvel, para que voc\u00ea possa ter uma vis\u00e3o abrangente do nosso desempenho e do impacto das nossas a\u00e7\u00f5es na comunidade.<\/p>\n<p><a href=\"https:\/\/portal.uern.br\/acessoainformacao\/wp-content\/uploads\/sites\/23\/2023\/09\/Caderno-de-Indicadores_UERN_Versao-1.0.pdf\">Caderno de Indicadores<\/a><\/p>\n","protected":false},"excerpt":{"rendered":"<p>Aqui na se\u00e7\u00e3o de indicadores do nosso portal de transpar\u00eancia, voc\u00ea encontrar\u00e1 uma variedade de informa\u00e7\u00f5es essenciais que refletem o desempenho e a efici\u00eancia da nossa institui\u00e7\u00e3o. Esses indicadores abrangem \u00e1reas como finan\u00e7as, gest\u00e3o de recursos, resultados de projetos e programas, bem como a presta\u00e7\u00e3o de servi\u00e7os p\u00fablicos. Atrav\u00e9s desses indicadores, buscamos fornecer uma vis\u00e3o [&hellip;]<\/p>\n","protected":false},"author":45,"featured_media":0,"parent":0,"menu_order":0,"comment_status":"closed","ping_status":"closed","template":"","meta":[],"_links":{"self":[{"href":"https:\/\/portal.uern.br\/acessoainformacao\/wp-json\/wp\/v2\/pages\/100357"}],"collection":[{"href":"https:\/\/portal.uern.br\/acessoainformacao\/wp-json\/wp\/v2\/pages"}],"about":[{"href":"https:\/\/portal.uern.br\/acessoainformacao\/wp-json\/wp\/v2\/types\/page"}],"author":[{"embeddable":true,"href":"https:\/\/portal.uern.br\/acessoainformacao\/wp-json\/wp\/v2\/users\/45"}],"replies":[{"embeddable":true,"href":"https:\/\/portal.uern.br\/acessoainformacao\/wp-json\/wp\/v2\/comments?post=100357"}],"version-history":[{"count":3,"href":"https:\/\/portal.uern.br\/acessoainformacao\/wp-json\/wp\/v2\/pages\/100357\/revisions"}],"predecessor-version":[{"id":100361,"href":"https:\/\/portal.uern.br\/acessoainformacao\/wp-json\/wp\/v2\/pages\/100357\/revisions\/100361"}],"wp:attachment":[{"href":"https:\/\/portal.uern.br\/acessoainformacao\/wp-json\/wp\/v2\/media?parent=100357"}],"curies":[{"name":"wp","href":"https:\/\/api.w.org\/{rel}","templated":true}]}}