{"id":100215,"date":"2023-06-20T14:03:34","date_gmt":"2023-06-20T17:03:34","guid":{"rendered":"https:\/\/portal.uern.br\/acessoainformacao\/?page_id=100215"},"modified":"2023-10-05T10:03:47","modified_gmt":"2023-10-05T13:03:47","slug":"governanca","status":"publish","type":"page","link":"https:\/\/portal.uern.br\/acessoainformacao\/governanca\/","title":{"rendered":"Governan\u00e7a"},"content":{"rendered":"<p><span style=\"font-weight: 400\">Aqui, voc\u00ea encontrar\u00e1 informa\u00e7\u00f5es abrangentes sobre as diretrizes, pr\u00e1ticas e estruturas que adotamos para garantir uma gest\u00e3o transparente, respons\u00e1vel e eficaz, visando ao interesse p\u00fablico e \u00e0 melhoria dos servi\u00e7os prestados pela UERN.<\/span><\/p>\n<p><span style=\"font-weight: 400\">Nesta se\u00e7\u00e3o, disponibilizamos detalhes sobre a Governan\u00e7a da Institui\u00e7\u00e3o, como conselhos, comit\u00eas e demais inst\u00e2ncias respons\u00e1veis pela tomada de decis\u00f5es estrat\u00e9gicas. Apresentamos tamb\u00e9m informa\u00e7\u00f5es sobre a composi\u00e7\u00e3o, atribui\u00e7\u00f5es e mandatos desses \u00f3rg\u00e3os, demonstrando nosso compromisso em envolver diferentes partes interessadas na gest\u00e3o e no controle das atividades institucionais.<\/span><\/p>\n<p><span style=\"font-weight: 400\">Nosso objetivo \u00e9 fornecer a voc\u00ea, cidad\u00e3o, um panorama claro e acess\u00edvel da governan\u00e7a institucional p\u00fablica da UERN, promovendo a transpar\u00eancia, o engajamento c\u00edvico e a confian\u00e7a nas nossas pr\u00e1ticas de gest\u00e3o. Estamos comprometidos em fornecer as informa\u00e7\u00f5es necess\u00e1rias para que voc\u00ea possa participar ativamente no aprimoramento dos servi\u00e7os e na qualidade da nossa Institui\u00e7\u00e3o.<\/span><\/p>\n<p><a href=\"https:\/\/portal.uern.br\/pdi\/\"><span style=\"font-weight: 400\">Plano de Desenvolvimento Institucional<\/span><\/a><\/p>\n<p><a href=\"https:\/\/plataforma2125.uern.br\/\"><span style=\"font-weight: 400\">Gest\u00e3o UERN 2021-2025<\/span><\/a><\/p>\n<p>&nbsp;<\/p>\n","protected":false},"excerpt":{"rendered":"<p>Aqui, voc\u00ea encontrar\u00e1 informa\u00e7\u00f5es abrangentes sobre as diretrizes, pr\u00e1ticas e estruturas que adotamos para garantir uma gest\u00e3o transparente, respons\u00e1vel e eficaz, visando ao interesse p\u00fablico e \u00e0 melhoria dos servi\u00e7os prestados pela UERN. Nesta se\u00e7\u00e3o, disponibilizamos detalhes sobre a Governan\u00e7a da Institui\u00e7\u00e3o, como conselhos, comit\u00eas e demais inst\u00e2ncias respons\u00e1veis pela tomada de decis\u00f5es estrat\u00e9gicas. Apresentamos [&hellip;]<\/p>\n","protected":false},"author":1,"featured_media":0,"parent":0,"menu_order":0,"comment_status":"closed","ping_status":"closed","template":"","meta":[],"_links":{"self":[{"href":"https:\/\/portal.uern.br\/acessoainformacao\/wp-json\/wp\/v2\/pages\/100215"}],"collection":[{"href":"https:\/\/portal.uern.br\/acessoainformacao\/wp-json\/wp\/v2\/pages"}],"about":[{"href":"https:\/\/portal.uern.br\/acessoainformacao\/wp-json\/wp\/v2\/types\/page"}],"author":[{"embeddable":true,"href":"https:\/\/portal.uern.br\/acessoainformacao\/wp-json\/wp\/v2\/users\/1"}],"replies":[{"embeddable":true,"href":"https:\/\/portal.uern.br\/acessoainformacao\/wp-json\/wp\/v2\/comments?post=100215"}],"version-history":[{"count":3,"href":"https:\/\/portal.uern.br\/acessoainformacao\/wp-json\/wp\/v2\/pages\/100215\/revisions"}],"predecessor-version":[{"id":100403,"href":"https:\/\/portal.uern.br\/acessoainformacao\/wp-json\/wp\/v2\/pages\/100215\/revisions\/100403"}],"wp:attachment":[{"href":"https:\/\/portal.uern.br\/acessoainformacao\/wp-json\/wp\/v2\/media?parent=100215"}],"curies":[{"name":"wp","href":"https:\/\/api.w.org\/{rel}","templated":true}]}}