{"id":87,"date":"2022-10-19T15:41:06","date_gmt":"2022-10-19T18:41:06","guid":{"rendered":"https:\/\/paisdemossoro.com.br\/wordpress\/aai\/?page_id=87"},"modified":"2023-02-06T21:14:02","modified_gmt":"2023-02-07T00:14:02","slug":"ii-seminario-de-avaliacao-integracao-gestao-campi-faculdades","status":"publish","type":"page","link":"https:\/\/portal.uern.br\/aai\/ii-seminario-de-avaliacao-integracao-gestao-campi-faculdades\/","title":{"rendered":"II Semin\u00e1rio de Avalia\u00e7\u00e3o Integra\u00e7\u00e3o Gest\u00e3o\/Campi\/Faculdades"},"content":{"rendered":"<p>O processo de avalia\u00e7\u00e3o institucional na UERN \u00e9 desenvolvido pela Comiss\u00e3o Pr\u00f3pria de Avalia\u00e7\u00e3o \u2013 CPA e Assessoria de Avalia\u00e7\u00e3o Institucional fundamentado no Plano de Desenvolvimento Institucional da UERN \u2013 PDI (2016-2026).<\/p>\n<p>A recente conquista da autonomia financeira e a retomada das atividades de modo presencial, depois de dois anos de restri\u00e7\u00f5es relacionadas \u00e0 Pandemia da Covid-19, revestem o processo de avalia\u00e7\u00e3o de grande relev\u00e2ncia junto ao planejamento estrat\u00e9gico institucional para fins de alcance de sua miss\u00e3o expressa no PDI.<\/p>\n<p>Nesse sentido,\u00a0\u00a0foi realizado nos dias 22 e 23 de agosto, das 8h \u00e0s 12h, de modo on-line, por meio da plataforma RNP,\u00a0<strong>II Semin\u00e1rio de Avalia\u00e7\u00e3o Integra\u00e7\u00e3o Gest\u00e3o\/Campi\/Faculdades: os desafios do planejamento e da avalia\u00e7\u00e3o institucional no contexto da Pandemia e da autonomia universit\u00e1ria<\/strong>,\u00a0com a finalidade de promover a autoavalia\u00e7\u00e3o institucional, a integra\u00e7\u00e3o e o alinhamento entre unidades universit\u00e1rias acad\u00eamicas e administrativas e o planejamento estrat\u00e9gico institucional.<\/p>\n<p>Para assistir, novamente, ao evento, basta clicar nos links:<\/p>\n<p><a href=\"https:\/\/drive.google.com\/file\/d\/1bj813D1Am5yCUJ_c5X0ksIZ1Nqen4a6N\/view?usp=sharing\">1\u00ba DIA &#8211; 22\/08\/2022<\/a><\/p>\n<p><a href=\"https:\/\/drive.google.com\/file\/d\/13YZCpb6svwOAXHQ0rOYpLz0C_CDq3un2\/view?usp=sharing\">2\u00ba Dia &#8211; 23\/08\/2022<\/a><\/p>\n<p>Cronograma de apresenta\u00e7\u00e3o:<\/p>\n<p>&nbsp;<\/p>\n<p>&nbsp;<\/p>\n<p><img fetchpriority=\"high\" decoding=\"async\" class=\"aligncenter wp-image-443 size-full\" src=\"https:\/\/portal.uern.br\/aai\/wp-content\/uploads\/sites\/4\/2023\/02\/cronograma-01.png\" alt=\"\" width=\"511\" height=\"557\" srcset=\"https:\/\/portal.uern.br\/aai\/wp-content\/uploads\/sites\/4\/2023\/02\/cronograma-01.png 511w, https:\/\/portal.uern.br\/aai\/wp-content\/uploads\/sites\/4\/2023\/02\/cronograma-01-275x300.png 275w\" sizes=\"(max-width: 511px) 100vw, 511px\" \/><\/p>\n<p><img decoding=\"async\" class=\"aligncenter wp-image-442\" src=\"https:\/\/portal.uern.br\/aai\/wp-content\/uploads\/sites\/4\/2023\/02\/cronograma-02.png\" alt=\"\" width=\"511\" height=\"487\" srcset=\"https:\/\/portal.uern.br\/aai\/wp-content\/uploads\/sites\/4\/2023\/02\/cronograma-02.png 599w, https:\/\/portal.uern.br\/aai\/wp-content\/uploads\/sites\/4\/2023\/02\/cronograma-02-300x286.png 300w\" sizes=\"(max-width: 511px) 100vw, 511px\" \/><\/p>\n","protected":false},"excerpt":{"rendered":"<p>O processo de avalia\u00e7\u00e3o institucional na UERN \u00e9 desenvolvido pela Comiss\u00e3o Pr\u00f3pria de Avalia\u00e7\u00e3o \u2013 CPA e Assessoria de Avalia\u00e7\u00e3o Institucional fundamentado no Plano de Desenvolvimento Institucional da UERN \u2013 PDI (2016-2026). A recente conquista da autonomia financeira e a retomada das atividades de modo presencial, depois de dois anos de restri\u00e7\u00f5es relacionadas \u00e0 Pandemia [&hellip;]<\/p>\n","protected":false},"author":1,"featured_media":0,"parent":0,"menu_order":0,"comment_status":"closed","ping_status":"closed","template":"","meta":[],"_links":{"self":[{"href":"https:\/\/portal.uern.br\/aai\/wp-json\/wp\/v2\/pages\/87"}],"collection":[{"href":"https:\/\/portal.uern.br\/aai\/wp-json\/wp\/v2\/pages"}],"about":[{"href":"https:\/\/portal.uern.br\/aai\/wp-json\/wp\/v2\/types\/page"}],"author":[{"embeddable":true,"href":"https:\/\/portal.uern.br\/aai\/wp-json\/wp\/v2\/users\/1"}],"replies":[{"embeddable":true,"href":"https:\/\/portal.uern.br\/aai\/wp-json\/wp\/v2\/comments?post=87"}],"version-history":[{"count":3,"href":"https:\/\/portal.uern.br\/aai\/wp-json\/wp\/v2\/pages\/87\/revisions"}],"predecessor-version":[{"id":444,"href":"https:\/\/portal.uern.br\/aai\/wp-json\/wp\/v2\/pages\/87\/revisions\/444"}],"wp:attachment":[{"href":"https:\/\/portal.uern.br\/aai\/wp-json\/wp\/v2\/media?parent=87"}],"curies":[{"name":"wp","href":"https:\/\/api.w.org\/{rel}","templated":true}]}}