{"id":42,"date":"2022-10-19T15:11:12","date_gmt":"2022-10-19T18:11:12","guid":{"rendered":"https:\/\/paisdemossoro.com.br\/wordpress\/aai\/?page_id=42"},"modified":"2023-02-06T20:36:04","modified_gmt":"2023-02-06T23:36:04","slug":"semanario-de-avaliacao-institucional-da-uern","status":"publish","type":"page","link":"https:\/\/portal.uern.br\/aai\/semanario-de-avaliacao-institucional-da-uern\/","title":{"rendered":"Seman\u00e1rio de Avalia\u00e7\u00e3o Institucional da UERN"},"content":{"rendered":"<p><img fetchpriority=\"high\" decoding=\"async\" class=\"aligncenter wp-image-43 size-full\" src=\"https:\/\/portal.uern.br\/aai\/wp-content\/uploads\/sites\/4\/2022\/10\/6106capa_para_site_sem_data_miniatura.png\" alt=\"\" width=\"666\" height=\"375\" srcset=\"https:\/\/portal.uern.br\/aai\/wp-content\/uploads\/sites\/4\/2022\/10\/6106capa_para_site_sem_data_miniatura.png 666w, https:\/\/portal.uern.br\/aai\/wp-content\/uploads\/sites\/4\/2022\/10\/6106capa_para_site_sem_data_miniatura-300x169.png 300w\" sizes=\"(max-width: 666px) 100vw, 666px\" \/><\/p>\n<p style=\"font-weight: 400;\">A UERN tem muitas caracter\u00edsticas que a fazem forte e socialmente referenciada. P\u00fablica, situada majoritariamente no interior do estado, acolhedora e defensora das diferen\u00e7as e da inclus\u00e3o, tem a miss\u00e3o de formar profissionais humanos, \u00e9ticos e cidad\u00e3os por meio de um ensino, pesquisa e extens\u00e3o que buscam a excel\u00eancia como devir. Permanecer nesse lugar opcionado, nos direciona para um olhar e uma escuta cuidadosa e atenta de tudo que favore\u00e7a o planejamento e a realiza\u00e7\u00e3o de a\u00e7\u00f5es que visam a concretiza\u00e7\u00e3o do Plano de Desenvolvimento Institucional -PDI\/UERN (2016- 2026), em um processo de reflex\u00e3o constante sobre o papel social que cumpre a UERN<br \/>\nem seus l\u00f3cus de atua\u00e7\u00e3o.<\/p>\n<p style=\"font-weight: 400;\">Nesse cen\u00e1rio, a avalia\u00e7\u00e3o institucional \u00e9 ponto de partida para al\u00e7ar patamares mais elevados de transforma\u00e7\u00f5es qualitativas e quantitativas em seus resultados, condi\u00e7\u00e3o que se concretiza por meio de um trabalho coletivo, colaborativo e de corresponsabiliza\u00e7\u00e3o de todos os seus segmentos \u2013 docente, discente e t\u00e9cnicos administrativos e, consequentemente, de todos os setores.<\/p>\n<p style=\"font-weight: 400;\">Pensando nesses prop\u00f3sitos de natureza objetiva e tamb\u00e9m\u00a0 desejantes, a\u00a0 Comiss\u00e3o Pr\u00f3pria de Avalia\u00e7\u00e3o \u2013 CPA\/UERN, realizou o\u00a0SEMAN\u00c1RIO de Avalia\u00e7\u00e3o Institucional na UERN, nos dias 20,21 e 22 de outubro de 2020, protagonizando a\u00e7\u00f5es (tras)formativas da avalia\u00e7\u00e3o institucional atrav\u00e9s de\u00a0mesa redonda\u00a0 e oficinas\u00a0que fomentaram d\u00favidas, di\u00e1logos, aprendizagens e cr\u00edticas em um processo de forma\u00e7\u00e3o e autoforma\u00e7\u00e3o de todas as pessoas envolvidas.<\/p>\n<p style=\"font-weight: 400;\">Para ter acesso ao conte\u00fado, basta clicar:<\/p>\n<table style=\"font-weight: 400;\">\n<tbody>\n<tr>\n<td>Mesa Redonda:\u00a0<strong>AVALIA\u00c7\u00c3O INTERNA E EXTERNA: PROTAGONISMO DO NDE, CPA,\u00a0 COSES E DO CEE<\/strong><\/p>\n<p>Conversa com:<\/p>\n<p>Profa. Ma. Leideana Galv\u00e3o Bacurau de Faria (CEE)<\/p>\n<p>Profa. Dra. Mayra Rodrigues Fernandes Ribeiro (UERN)<\/p>\n<p>Prof. Dr. Wendson Dantas de Ara\u00fajo Medeiros (UERN)<\/p>\n<p>Media\u00e7\u00e3o: Profa. Dra. Rosa Maria Rodrigues Lopes (UERN)<\/p>\n<p>&nbsp;<\/td>\n<td><a href=\"https:\/\/www.youtube.com\/watch?v=ktgsHr62cSo&amp;t=58s%20\">Clique aqui para assistir<\/a><\/td>\n<\/tr>\n<tr>\n<td>Oficina 1:\u00a0<strong>ELABORA\u00c7\u00c3O DE RELAT\u00d3RIOS DOCENTE E DISCENTE DE AVALIA\u00c7\u00c3O INSTITUCIONAL<\/strong><\/p>\n<p>Ministrantes:\u00a0 Andr\u00e9ia Louren\u00e7o dos Santos\u00a0 (AAI) e\u00a0\u00a0Carmem L\u00facia da Silva Sousa (AAI)<\/p>\n<p>&nbsp;<\/td>\n<td><a href=\"https:\/\/drive.google.com\/file\/d\/1JQrM2htcfpR8bsuX4lrVIzU97KzNWn4r\/view?usp=sharing\">Clique aqui para assistir<\/a><\/p>\n<p><a href=\"https:\/\/www.canva.com\/design\/DAEKEN4-qWk\/1S-dIcihzmbp5Cw7drr8YQ\/view?utm_content=DAEKEN4-qWk&amp;utm_campaign=designshare&amp;utm_medium=link&amp;utm_source=homepage_design_menu\">Baixe aqui os slides<\/a><\/td>\n<\/tr>\n<tr>\n<td>Oficina 2:\u00a0<strong>DOCUMENTA\u00c7\u00c3O E ELABORA\u00c7\u00c3O DE PROCESSOS DE RENOVA\u00c7\u00c3O DE RECONHECIMENTO DE CURSOS<\/strong><\/p>\n<p>Ministrantes:Rosa Maria Rodrigues Lopes (CPA\/PROEG) e Venaide Maia Dantas (PROEGP)<\/p>\n<p>&nbsp;<\/td>\n<td><a href=\"https:\/\/drive.google.com\/file\/d\/1kKrqLkvz1Q99AoAiu0mGIVb_xT9RR8bb\/view?usp=sharing\">Clique aqui para assitir<\/a><\/p>\n<p><a href=\"https:\/\/drive.google.com\/file\/d\/1P-945u0qrgtqklgkB1PwmLeUoyLtBJ5O\/view?usp=sharing\">Baixe aqui os slides<\/a><\/p>\n<p><a href=\"https:\/\/drive.google.com\/file\/d\/1_rWLrJr2G7uGU0ciDKKkurSYNvkmwGuk\/view?usp=sharing\">Caderno de Registros do Atos Autorizativos<\/a><\/td>\n<\/tr>\n<tr>\n<td>Oficina 3:\u00a0<strong>AUTOAVALIA\u00c7\u00c3O E ENADE: PROTAGONISMO DOS DISCENTES DE GRADUA\u00c7\u00c3O<\/strong><\/p>\n<p>Minsitrantes:\u00a0Vaneska Santos de Lima (POSEDUC), Yasmim Stefany Soares de Oliveira (FE\/PIBIC) Mayra Rodrigues Fernandes Ribeiro (FE\/CPA\/AAI)<\/p>\n<p>&nbsp;<\/td>\n<td><a href=\"https:\/\/drive.google.com\/file\/d\/14DLtOdRmCjfvYibIbR3PGE2iKv1U3QZo\/view?usp=sharing\">Clique aqui para assitir<\/a><\/p>\n<p><a href=\"https:\/\/drive.google.com\/file\/d\/1JjtuW3FCTWuzD8qYjD7zzD1uE5BPRuSJ\/view?usp=sharing\">Baixe aqui os slides<\/a><\/td>\n<\/tr>\n<tr>\n<td>Oficina 4:\u00a0<strong>ENADE: INDICADORES E ELABORA\u00c7\u00c3O DE PLANO DE TRABALHO COM FOCO NOS RESULTADOS<\/strong><\/p>\n<p>Ministrantes:\u00a0Mademerson Leandro da Costa (FANAT\/PI) e Chico Dantas(CAN)<\/p>\n<p>&nbsp;<\/td>\n<td><a href=\"https:\/\/drive.google.com\/file\/d\/1sZBisvwoK2f34V0OmH_iWLgcEjopd8lD\/view?usp=sharing\">Clique aqui para assistir<\/a><\/p>\n<p><a href=\"https:\/\/drive.google.com\/file\/d\/1XoqjyMMARbZ2_GCumE4OLOjnx1W9InGX\/view?usp=sharing\">Baixe aqui os slides1<\/a><\/p>\n<p><a href=\"https:\/\/drive.google.com\/file\/d\/1OGxxMA-bDjFu10SsBBmbMv2v5BKL51WO\/view\">Baixe aqui os slides2<\/a><\/td>\n<\/tr>\n<\/tbody>\n<\/table>\n","protected":false},"excerpt":{"rendered":"<p>A UERN tem muitas caracter\u00edsticas que a fazem forte e socialmente referenciada. P\u00fablica, situada majoritariamente no interior do estado, acolhedora e defensora das diferen\u00e7as e da inclus\u00e3o, tem a miss\u00e3o de formar profissionais humanos, \u00e9ticos e cidad\u00e3os por meio de um ensino, pesquisa e extens\u00e3o que buscam a excel\u00eancia como devir. Permanecer nesse lugar opcionado, [&hellip;]<\/p>\n","protected":false},"author":1,"featured_media":0,"parent":0,"menu_order":0,"comment_status":"closed","ping_status":"closed","template":"","meta":[],"_links":{"self":[{"href":"https:\/\/portal.uern.br\/aai\/wp-json\/wp\/v2\/pages\/42"}],"collection":[{"href":"https:\/\/portal.uern.br\/aai\/wp-json\/wp\/v2\/pages"}],"about":[{"href":"https:\/\/portal.uern.br\/aai\/wp-json\/wp\/v2\/types\/page"}],"author":[{"embeddable":true,"href":"https:\/\/portal.uern.br\/aai\/wp-json\/wp\/v2\/users\/1"}],"replies":[{"embeddable":true,"href":"https:\/\/portal.uern.br\/aai\/wp-json\/wp\/v2\/comments?post=42"}],"version-history":[{"count":9,"href":"https:\/\/portal.uern.br\/aai\/wp-json\/wp\/v2\/pages\/42\/revisions"}],"predecessor-version":[{"id":432,"href":"https:\/\/portal.uern.br\/aai\/wp-json\/wp\/v2\/pages\/42\/revisions\/432"}],"wp:attachment":[{"href":"https:\/\/portal.uern.br\/aai\/wp-json\/wp\/v2\/media?parent=42"}],"curies":[{"name":"wp","href":"https:\/\/api.w.org\/{rel}","templated":true}]}}