{"id":277,"date":"2023-02-06T15:50:18","date_gmt":"2023-02-06T18:50:18","guid":{"rendered":"http:\/\/beta.apps.uern.br\/wordpress\/aai\/?page_id=277"},"modified":"2023-05-11T13:51:06","modified_gmt":"2023-05-11T16:51:06","slug":"plano-de-avaliacao-e-relatorio-de-atividades","status":"publish","type":"page","link":"https:\/\/portal.uern.br\/aai\/plano-de-avaliacao-e-relatorio-de-atividades\/","title":{"rendered":"Plano de Avalia\u00e7\u00e3o e Relat\u00f3rio de Atividades"},"content":{"rendered":"<h3><strong>Plano de Trabalho e Relat\u00f3rios de Atividades<\/strong><\/h3>\n<h4>Plano de A\u00e7\u00e3o &#8211; 2022<\/h4>\n<p>Para acessar o arquivo clique aqui:\u00a0<a href=\"http:\/\/Plano de A\u00e7\u00e3o - 2021  Para acessar o arquivo clique aqui:\u00a0Plano de A\u00e7\u00e3o 2021\">Plano de A\u00e7\u00e3o 2022<\/a><\/p>\n<h4>Relat\u00f3rio de Atividades Janeiro a Setembro de 2021<\/h4>\n<p>Para acessar o arquivo clique aqui:\u00a0<a href=\"https:\/\/drive.google.com\/file\/d\/1UtlgqISPIoLS72Irv6fnFmkhi65EA34g\/view?usp=sharing\">Relat\u00f3rio de Atividades<\/a><\/p>\n<h4>Plano de A\u00e7\u00e3o &#8211; 2021<\/h4>\n<p>Para acessar o arquivo clique aqui:\u00a0<a href=\"https:\/\/drive.google.com\/file\/d\/1pVDta3-R5qpkSVXY-HKkkeLOCS1Shjyb\/view?usp=sharing\">Plano de A\u00e7\u00e3o 2021<\/a><\/p>\n<h4>Relat\u00f3rio de Atividades Janeiro de 2020 a Dezembro de 2020<\/h4>\n<p>Para acessar o arquivo clique aqui:\u00a0<a href=\"https:\/\/drive.google.com\/file\/d\/1fCRHVDX3OBrRs6SULSMqstjz4Y_8rmQ7\/view?usp=sharing\">Relat\u00f3rio de Atividades<\/a><\/p>\n<h4>Plano de A\u00e7\u00e3o &#8211; 2020<\/h4>\n<p>Para acessar o arquivo clique aqui:\u00a0<a href=\"https:\/\/www.uern.br\/controledepaginas\/aai-plano-de-avaliacao\/arquivos\/2809plano__de_aa%C2%A7a%C2%A3o_aai_2020.pdf\">Plano de A\u00e7\u00e3o 2020<\/a><\/p>\n<h4>Relat\u00f3rio de Atividades Outubro de 2018 a Dezembro de 2019<\/h4>\n<p>Para acessar o arquivo clique aqui:\u00a0<a href=\"https:\/\/drive.google.com\/file\/d\/17zBf8t1QDt12GSaNFWPgDx0EtFnTCUJe\/view?usp=sharing\">Relat\u00f3rio de Atividades<\/a><\/p>\n<h4>Plano de A\u00e7\u00e3o &#8211; 2019<\/h4>\n<p>Para acessar o arquivo clique aqui:\u00a0<a href=\"https:\/\/www.uern.br\/controledepaginas\/aai-plano-de-avaliacao\/arquivos\/2809plano__de_aa%C2%A7a%C2%A3o_aai_2019.pdf\">Plano de A\u00e7\u00e3o 2019<\/a><\/p>\n<p><strong>Relat\u00f3rio de Atividades Outubro de 2017 a Outubro de 2018<\/strong><\/p>\n<p>Para acessar o arquivo clique aqui:\u00a0<a href=\"https:\/\/drive.google.com\/file\/d\/1ufuQ1WBXbzOvqAOUtmICjTk46CCbkm0f\/view?usp=sharing\">Relat\u00f3rio de Atividades<\/a><\/p>\n<h4>Plano de A\u00e7\u00e3o &#8211; 2018<\/h4>\n<p>Para acessar o arquivo clique aqui:\u00a0<a href=\"https:\/\/www.uern.br\/controledepaginas\/aai-plano-de-avaliacao\/arquivos\/2809plano__de_aa%C2%A7a%C2%A3o_aai_modificado.pdf\">Plano de A\u00e7\u00e3o 2018<\/a><\/p>\n<h4>Cronograma de Trabalho AAI 2016.1 e 2016.2<\/h4>\n<p>Para acessar o arquivo clique aqui:\u00a0<a href=\"https:\/\/www.uern.br\/controledepaginas\/aai-plano-de-avaliacao\/arquivos\/2809cronograma_de_atividades_atualizado.pdf\">Cronograma de Trabalho<\/a><\/p>\n<h4><strong>Cronograma de Trabalho AAI 2014.2 a 2015.2<\/strong><\/h4>\n<p>Para acessar o aqui clique aqui:\u00a0<a href=\"https:\/\/www.uern.br\/controledepaginas\/aai-plano-de-avaliacao\/arquivos\/2809cronograma_trabalho_aai_2014.2_a_2015.2.pdf\">Cronograma de Trabalho<\/a><\/p>\n<h4>Plano de Trabalho da Assessoria de Avalia\u00e7\u00e3o Institucional<\/h4>\n<h4>Per\u00edodo: 2013 a 2014<\/h4>\n<p>Para acessar o arquivo clique aqui:\u00a0<a href=\"https:\/\/www.uern.br\/controledepaginas\/aai-plano-de-avaliacao\/arquivos\/2809plano_trabalho_aai_atual.pdf\" target=\"_blank\" rel=\"noopener\">Plano de Avalia\u00e7\u00e3o<\/a><\/p>\n<h3>Relat\u00f3rio de Gest\u00e3o da Assessoria de Avalia\u00e7\u00e3o Institucional<\/h3>\n<h4>Per\u00edodo: Setembro de 2013 a Julho de 2015<\/h4>\n<p>Para acessar o aqui clique aqui:\u00a0<a href=\"https:\/\/www.uern.br\/controledepaginas\/aai-plano-de-avaliacao\/arquivos\/2809relata%C2%B3rio_gesta%C2%A3o_aai.pdf\">Relat\u00f3rio de Gest\u00e3o<\/a><\/p>\n","protected":false},"excerpt":{"rendered":"<p>Plano de Trabalho e Relat\u00f3rios de Atividades Plano de A\u00e7\u00e3o &#8211; 2022 Para acessar o arquivo clique aqui:\u00a0Plano de A\u00e7\u00e3o 2022 Relat\u00f3rio de Atividades Janeiro a Setembro de 2021 Para acessar o arquivo clique aqui:\u00a0Relat\u00f3rio de Atividades Plano de A\u00e7\u00e3o &#8211; 2021 Para acessar o arquivo clique aqui:\u00a0Plano de A\u00e7\u00e3o 2021 Relat\u00f3rio de Atividades Janeiro [&hellip;]<\/p>\n","protected":false},"author":1,"featured_media":0,"parent":0,"menu_order":0,"comment_status":"closed","ping_status":"closed","template":"","meta":[],"_links":{"self":[{"href":"https:\/\/portal.uern.br\/aai\/wp-json\/wp\/v2\/pages\/277"}],"collection":[{"href":"https:\/\/portal.uern.br\/aai\/wp-json\/wp\/v2\/pages"}],"about":[{"href":"https:\/\/portal.uern.br\/aai\/wp-json\/wp\/v2\/types\/page"}],"author":[{"embeddable":true,"href":"https:\/\/portal.uern.br\/aai\/wp-json\/wp\/v2\/users\/1"}],"replies":[{"embeddable":true,"href":"https:\/\/portal.uern.br\/aai\/wp-json\/wp\/v2\/comments?post=277"}],"version-history":[{"count":4,"href":"https:\/\/portal.uern.br\/aai\/wp-json\/wp\/v2\/pages\/277\/revisions"}],"predecessor-version":[{"id":871,"href":"https:\/\/portal.uern.br\/aai\/wp-json\/wp\/v2\/pages\/277\/revisions\/871"}],"wp:attachment":[{"href":"https:\/\/portal.uern.br\/aai\/wp-json\/wp\/v2\/media?parent=277"}],"curies":[{"name":"wp","href":"https:\/\/api.w.org\/{rel}","templated":true}]}}