{"id":20,"date":"2022-10-19T14:48:32","date_gmt":"2022-10-19T17:48:32","guid":{"rendered":"https:\/\/paisdemossoro.com.br\/wordpress\/aai\/?page_id=20"},"modified":"2026-02-10T12:01:32","modified_gmt":"2026-02-10T15:01:32","slug":"cpa","status":"publish","type":"page","link":"https:\/\/portal.uern.br\/aai\/cpa\/","title":{"rendered":"CPA"},"content":{"rendered":"<h1>Comiss\u00e3o Pr\u00f3pria de Avalia\u00e7\u00e3o (CPA)<\/h1>\n<p>&nbsp;<\/p>\n<p><span style=\"font-weight: 400\">Os trabalhos e a composi\u00e7\u00e3o da Comiss\u00e3o Pr\u00f3pria de Avalia\u00e7\u00e3o(CPA), no \u00e2mbito da Uern, s\u00e3o regulamentados pela Resolu\u00e7\u00e3o 13\/2016-Consuni (alterada pela Resolu\u00e7\u00e3o 14\/2025-Consuni), a qual instituiu o Regimento Interno da CPA\/Uern. Clique no link abaixo para acessar o documento:<\/span><\/p>\n<p><span style=\"font-weight: 400\"><a href=\"https:\/\/drive.google.com\/file\/d\/1yP1EctvYH1gSgsmlN2AnlYKKIG-Aw0QC\/view\">Regimento Interno da CPA\/Uern<\/a> <\/span><\/p>\n<p>&nbsp;<\/p>\n<p><strong>Compete \u00e0 Comiss\u00e3o Pr\u00f3pria de Avalia\u00e7\u00e3o \u2013 CPA\/Uern:<\/strong><\/p>\n<p><em>I. Aprovar as pol\u00edticas e as diretrizes de avalia\u00e7\u00e3o interna da Institui\u00e7\u00e3o;<\/em><\/p>\n<p><em>II. Conduzir os processos de avalia\u00e7\u00e3o interna da Institui\u00e7\u00e3o e encaminhar parecer para a tomada de decis\u00e3o junto aos \u00f3rg\u00e3os competentes;<\/em><\/p>\n<p><em>III. Orientar os trabalhos das Comiss\u00f5es Setoriais de Avalia\u00e7\u00e3o \u2013 Cose;<\/em><\/p>\n<p><em>IV. Elaborar e\/ou atualizar o Regimento da CPA\/Uern, conforme a legisla\u00e7\u00e3o vigente;<\/em><\/p>\n<p><em>V. Promover a melhoria da qualidade educativa e a cultura avaliativa na Uern;<\/em><\/p>\n<p><em>VI. Definir, construir e atualizar os instrumentos e procedimentos de autoavalia\u00e7\u00e3o, em conson\u00e2ncia com a legisla\u00e7\u00e3o vigente e as especificidades de cada unidade da Uern;<\/em><\/p>\n<p><em>VII. Promover discuss\u00f5es e encaminhamentos para solu\u00e7\u00e3o dos problemas detectados e relatados no processo de autoavalia\u00e7\u00e3o, juntamente com os \u00f3rg\u00e3os competentes;<\/em><\/p>\n<p><em>VIII. Fomentar a produ\u00e7\u00e3o e a socializa\u00e7\u00e3o do conhecimento na \u00e1rea de avalia\u00e7\u00e3o;<\/em><\/p>\n<p><em>IX. Disseminar, permanentemente, informa\u00e7\u00f5es sobre avalia\u00e7\u00e3o.<\/em><\/p>\n<p><em>X. Participar de reuni\u00f5es da comiss\u00e3o designada pelo Conselho Estadual de Educa\u00e7\u00e3o, ante o processo de reconhecimento, renova\u00e7\u00e3o de reconhecimento e credenciamento dos cursos;<\/em><\/p>\n<p><em>XI. Sistematizar e analisar as informa\u00e7\u00f5es do processo de avalia\u00e7\u00e3o interna da universidade;<\/em><\/p>\n<p><em>XII. Implementar a\u00e7\u00f5es com vistas \u00e0 sensibiliza\u00e7\u00e3o da comunidade universit\u00e1ria para o processo de avalia\u00e7\u00e3o na universidade.<\/em><\/p>\n<p>&nbsp;<\/p>\n<p>&nbsp;<\/p>\n<p><strong>Composi\u00e7\u00e3o da Comiss\u00e3o Pr\u00f3pria de Avalia\u00e7\u00e3o (CPA), conforme<a href=\"https:\/\/drive.google.com\/file\/d\/1772L8Nv8Q0xk17KImD4KE8TEYLgOMySv\/view?usp=sharing\"> Portaria n\u00b0 87\/2024<\/a><\/strong><\/p>\n<table>\n<tbody>\n<tr>\n<td><strong>Nome<\/strong><\/td>\n<td><strong>Membro<\/strong><\/td>\n<td><strong>Setor<\/strong><\/td>\n<\/tr>\n<tr>\n<td><span style=\"font-weight: 400\">Prof. Wendson Dantas de Ara\u00fajo Medeiros<\/span><\/td>\n<td><span style=\"font-weight: 400\">Titular (Presidente)<\/span><\/td>\n<td><span style=\"font-weight: 400\">AAI<\/span><\/td>\n<\/tr>\n<tr>\n<td><span style=\"font-weight: 400\">Disc. Paulo Andrade de Lima Neto<\/span><\/td>\n<td><span style=\"font-weight: 400\">Titular<\/span><\/td>\n<td><span style=\"font-weight: 400\">DCE<\/span><\/td>\n<\/tr>\n<tr>\n<td><span style=\"font-weight: 400\">Disc. Luiza Izabel de Souza Oliveira<\/span><\/td>\n<td><span style=\"font-weight: 400\">Suplente<\/span><\/td>\n<td><span style=\"font-weight: 400\">DCE<\/span><\/td>\n<\/tr>\n<tr>\n<td><span style=\"font-weight: 400\">Prof. Felipe de Azevedo Silva Ribeiro<\/span><\/td>\n<td><span style=\"font-weight: 400\">Titular<\/span><\/td>\n<td><span style=\"font-weight: 400\">CEE<\/span><\/td>\n<\/tr>\n<tr>\n<td><span style=\"font-weight: 400\">&#8211;<\/span><\/td>\n<td><span style=\"font-weight: 400\">Suplente<\/span><\/td>\n<td><\/td>\n<\/tr>\n<tr>\n<td><span style=\"font-weight: 400\">TNS Ilana Jozi Pereira Dutra<\/span><\/td>\n<td><span style=\"font-weight: 400\">Titular<\/span><\/td>\n<td><span style=\"font-weight: 400\">Sintauern<\/span><\/td>\n<\/tr>\n<tr>\n<td><span style=\"font-weight: 400\">&#8211;<\/span><\/td>\n<td><span style=\"font-weight: 400\">Suplente<\/span><\/td>\n<td><span style=\"font-weight: 400\">Sintauern<\/span><\/td>\n<\/tr>\n<tr>\n<td><span style=\"font-weight: 400\">Profa. Magda Fabiana do Amaral Pereira Lima<\/span><\/td>\n<td><span style=\"font-weight: 400\">Titular<\/span><\/td>\n<td><span style=\"font-weight: 400\">Aduern<\/span><\/td>\n<\/tr>\n<tr>\n<td><span style=\"font-weight: 400\">&#8211;<\/span><\/td>\n<td><span style=\"font-weight: 400\">Suplente<\/span><\/td>\n<td><span style=\"font-weight: 400\">Aduern<\/span><\/td>\n<\/tr>\n<tr>\n<td><span style=\"font-weight: 400\">Prof. Antonio Gomes Diniz<\/span><\/td>\n<td><span style=\"font-weight: 400\">Titular<\/span><\/td>\n<td><span style=\"font-weight: 400\">C.A. Assu<\/span><\/td>\n<\/tr>\n<tr>\n<td><span style=\"font-weight: 400\">Prof. Jaime dos Santos da Silva<\/span><\/td>\n<td><span style=\"font-weight: 400\">Suplente<\/span><\/td>\n<td><span style=\"font-weight: 400\">C.A. Assu<\/span><\/td>\n<\/tr>\n<tr>\n<td><span style=\"font-weight: 400\">Prof. D\u00e1cio Michel da Cruz Souza<\/span><\/td>\n<td><span style=\"font-weight: 400\">Titular<\/span><\/td>\n<td><span style=\"font-weight: 400\">CAN<\/span><\/td>\n<\/tr>\n<tr>\n<td><span style=\"font-weight: 400\">Prof. Ant\u00f4nio J\u00e2nio Fernandes<\/span><\/td>\n<td><span style=\"font-weight: 400\">Suplente<\/span><\/td>\n<td><span style=\"font-weight: 400\">CAN<\/span><\/td>\n<\/tr>\n<tr>\n<td><span style=\"font-weight: 400\">Profa. Francicleide Ces\u00e1rio de Oliveira<\/span><\/td>\n<td><span style=\"font-weight: 400\">Titular<\/span><\/td>\n<td><span style=\"font-weight: 400\">CAPF<\/span><\/td>\n<\/tr>\n<tr>\n<td><span style=\"font-weight: 400\">Prof. Napole\u00e3o Di\u00f3genes Pessoa Neto<\/span><\/td>\n<td><span style=\"font-weight: 400\">Suplente<\/span><\/td>\n<td><span style=\"font-weight: 400\">CAPF<\/span><\/td>\n<\/tr>\n<tr>\n<td><span style=\"font-weight: 400\">Profa. Maura Vanessa Silva Sobreira<\/span><\/td>\n<td><span style=\"font-weight: 400\">Titular<\/span><\/td>\n<td><span style=\"font-weight: 400\">CAC<\/span><\/td>\n<\/tr>\n<tr>\n<td><span style=\"font-weight: 400\">Prof. Jos\u00e9 Teixeira Neto<\/span><\/td>\n<td><span style=\"font-weight: 400\">Suplente<\/span><\/td>\n<td><span style=\"font-weight: 400\">CAC<\/span><\/td>\n<\/tr>\n<tr>\n<td><span style=\"font-weight: 400\">Profa. Kamila Costa de Sousa<\/span><\/td>\n<td><span style=\"font-weight: 400\">Titular<\/span><\/td>\n<td><span style=\"font-weight: 400\">CAP<\/span><\/td>\n<\/tr>\n<tr>\n<td><span style=\"font-weight: 400\">Profa. Luciana Fernandes Nery<\/span><\/td>\n<td><span style=\"font-weight: 400\">Suplente<\/span><\/td>\n<td><span style=\"font-weight: 400\">CAP<\/span><\/td>\n<\/tr>\n<tr>\n<td><span style=\"font-weight: 400\">Prof. Bartira Paragua\u00e7u Falc\u00e3o Dantas<\/span><\/td>\n<td><span style=\"font-weight: 400\">Titular<\/span><\/td>\n<td><span style=\"font-weight: 400\">Proeg<\/span><\/td>\n<\/tr>\n<tr>\n<td><span style=\"font-weight: 400\">Profa. Sirleyde Dias de Almeida<\/span><\/td>\n<td><span style=\"font-weight: 400\">Suplente<\/span><\/td>\n<td><span style=\"font-weight: 400\">Proeg<\/span><\/td>\n<\/tr>\n<tr>\n<td><span style=\"font-weight: 400\">Profa. Terezinha Cabral de Albuquerque Neta Barros\u00a0\u00a0<\/span><\/td>\n<td><span style=\"font-weight: 400\">Titular<\/span><\/td>\n<td><span style=\"font-weight: 400\">Proex<\/span><\/td>\n<\/tr>\n<tr>\n<td><span style=\"font-weight: 400\">Prof. Sidcley D Sordi Alves Alegrini da Silva<\/span><\/td>\n<td><span style=\"font-weight: 400\">Suplente<\/span><\/td>\n<td><span style=\"font-weight: 400\">Proex<\/span><\/td>\n<\/tr>\n<tr>\n<td><span style=\"font-weight: 400\">TNS Sheila Karene Nolasco da Silva Fernandes<\/span><\/td>\n<td><span style=\"font-weight: 400\">Titular<\/span><\/td>\n<td><span style=\"font-weight: 400\">Proad<\/span><\/td>\n<\/tr>\n<tr>\n<td><span style=\"font-weight: 400\">TNS Lu\u00e9cia Maria R\u00e9gis Franca<\/span><\/td>\n<td><span style=\"font-weight: 400\">Suplente<\/span><\/td>\n<td><span style=\"font-weight: 400\">Proad<\/span><\/td>\n<\/tr>\n<tr>\n<td><span style=\"font-weight: 400\">TNS Ricardo S\u00e9rgio de Medeiros<\/span><\/td>\n<td><span style=\"font-weight: 400\">Titular<\/span><\/td>\n<td><span style=\"font-weight: 400\">Proplan<\/span><\/td>\n<\/tr>\n<tr>\n<td><span style=\"font-weight: 400\">TNS Fabr\u00edcio Daniel Soares Freire<\/span><\/td>\n<td><span style=\"font-weight: 400\">Suplente<\/span><\/td>\n<td><span style=\"font-weight: 400\">Proplan<\/span><\/td>\n<\/tr>\n<tr>\n<td><span style=\"font-weight: 400\">TNS Ticiane Teixeira Silva<\/span><\/td>\n<td><span style=\"font-weight: 400\">Titular<\/span><\/td>\n<td><span style=\"font-weight: 400\">Progep<\/span><\/td>\n<\/tr>\n<tr>\n<td><span style=\"font-weight: 400\">TNM L\u00edgia Barra Soares<\/span><\/td>\n<td><span style=\"font-weight: 400\">Suplente<\/span><\/td>\n<td><span style=\"font-weight: 400\">Progep<\/span><\/td>\n<\/tr>\n<tr>\n<td>Prof. Francisco Chagas de Lima J\u00fanior<\/td>\n<td><span style=\"font-weight: 400\">Titular<\/span><\/td>\n<td><span style=\"font-weight: 400\">Propeg<\/span><\/td>\n<\/tr>\n<tr>\n<td><span style=\"font-weight: 400\">TNS Thomas Victor de Oliveira C\u00e2mara<\/span><\/td>\n<td><span style=\"font-weight: 400\">Suplente<\/span><\/td>\n<td><span style=\"font-weight: 400\">Propeg<\/span><\/td>\n<\/tr>\n<tr>\n<td><span style=\"font-weight: 400\">TNS Daniel de Morais Cunha<\/span><\/td>\n<td><span style=\"font-weight: 400\">Titular<\/span><\/td>\n<td><span style=\"font-weight: 400\">Prae<\/span><\/td>\n<\/tr>\n<tr>\n<td><span style=\"font-weight: 400\">TNS J\u00e9ssica de F\u00e1tima Vianna<\/span><\/td>\n<td><span style=\"font-weight: 400\">Suplente<\/span><\/td>\n<td><span style=\"font-weight: 400\">Prae<\/span><\/td>\n<\/tr>\n<\/tbody>\n<\/table>\n","protected":false},"excerpt":{"rendered":"<p>Comiss\u00e3o Pr\u00f3pria de Avalia\u00e7\u00e3o (CPA) &nbsp; Os trabalhos e a composi\u00e7\u00e3o da Comiss\u00e3o Pr\u00f3pria de Avalia\u00e7\u00e3o(CPA), no \u00e2mbito da Uern, s\u00e3o regulamentados pela Resolu\u00e7\u00e3o 13\/2016-Consuni (alterada pela Resolu\u00e7\u00e3o 14\/2025-Consuni), a qual instituiu o Regimento Interno da CPA\/Uern. Clique no link abaixo para acessar o documento: Regimento Interno da CPA\/Uern &nbsp; Compete \u00e0 Comiss\u00e3o Pr\u00f3pria de [&hellip;]<\/p>\n","protected":false},"author":1,"featured_media":0,"parent":0,"menu_order":0,"comment_status":"closed","ping_status":"closed","template":"","meta":[],"_links":{"self":[{"href":"https:\/\/portal.uern.br\/aai\/wp-json\/wp\/v2\/pages\/20"}],"collection":[{"href":"https:\/\/portal.uern.br\/aai\/wp-json\/wp\/v2\/pages"}],"about":[{"href":"https:\/\/portal.uern.br\/aai\/wp-json\/wp\/v2\/types\/page"}],"author":[{"embeddable":true,"href":"https:\/\/portal.uern.br\/aai\/wp-json\/wp\/v2\/users\/1"}],"replies":[{"embeddable":true,"href":"https:\/\/portal.uern.br\/aai\/wp-json\/wp\/v2\/comments?post=20"}],"version-history":[{"count":14,"href":"https:\/\/portal.uern.br\/aai\/wp-json\/wp\/v2\/pages\/20\/revisions"}],"predecessor-version":[{"id":1738,"href":"https:\/\/portal.uern.br\/aai\/wp-json\/wp\/v2\/pages\/20\/revisions\/1738"}],"wp:attachment":[{"href":"https:\/\/portal.uern.br\/aai\/wp-json\/wp\/v2\/media?parent=20"}],"curies":[{"name":"wp","href":"https:\/\/api.w.org\/{rel}","templated":true}]}}