{"id":1747,"date":"2026-04-15T10:45:24","date_gmt":"2026-04-15T13:45:24","guid":{"rendered":"https:\/\/portal.uern.br\/aai\/?page_id=1747"},"modified":"2026-04-15T12:09:15","modified_gmt":"2026-04-15T15:09:15","slug":"chamada-publica","status":"publish","type":"page","link":"https:\/\/portal.uern.br\/aai\/chamada-publica\/","title":{"rendered":"Chamada P\u00fablica"},"content":{"rendered":"<p><b>Uern publica edital para sele\u00e7\u00e3o de membros da Comiss\u00e3o Pr\u00f3pria de Avalia\u00e7\u00e3o (CPA)<\/b><\/p>\n<p><span style=\"font-weight: 400\">A Universidade do Estado do Rio Grande do Norte (Uern) publicou o Edital de Chamamento P\u00fablico n\u00ba 01\/2026, que trata da sele\u00e7\u00e3o de representantes para compor a Comiss\u00e3o Pr\u00f3pria de Avalia\u00e7\u00e3o (CPA). A iniciativa visa fortalecer a participa\u00e7\u00e3o social e ampliar o di\u00e1logo entre a universidade e a sociedade no processo de avalia\u00e7\u00e3o institucional.<\/span><\/p>\n<p><span style=\"font-weight: 400\">O edital prev\u00ea o preenchimento de quatro vagas, sendo duas para membros titulares e duas para suplentes, distribu\u00eddas entre as categorias de egresso(a) da Uern e representante da sociedade civil organizada.<\/span><\/p>\n<p><span style=\"font-weight: 400\">As inscri\u00e7\u00f5es estar\u00e3o abertas no per\u00edodo de <\/span><b>16 de abril de 2026 a 16 de maio de 2026<\/b><span style=\"font-weight: 400\"> e dever\u00e3o ser realizadas exclusivamente por meio de formul\u00e1rio eletr\u00f4nico, a ser disponibilizado no site da Assessoria de Avalia\u00e7\u00e3o Institucional (AAI).<\/span><\/p>\n<p><span style=\"font-weight: 400\">Podem se candidatar, na categoria de egresso(a), aqueles que tenham conclu\u00eddo curso de gradua\u00e7\u00e3o ou p\u00f3s-gradua\u00e7\u00e3o na Uern. J\u00e1 para a vaga de representante da sociedade civil organizada, \u00e9 necess\u00e1rio comprovar v\u00ednculo com entidades representativas de setores como educa\u00e7\u00e3o, cultura, ci\u00eancia, trabalho ou movimentos sociais, desde que n\u00e3o haja v\u00ednculo institucional com a universidade.<\/span><\/p>\n<p><span style=\"font-weight: 400\">Os(as) candidatos(as) dever\u00e3o apresentar, no ato da inscri\u00e7\u00e3o, documenta\u00e7\u00e3o comprobat\u00f3ria, al\u00e9m de uma carta de inten\u00e7\u00e3o, destacando suas motiva\u00e7\u00f5es e poss\u00edveis contribui\u00e7\u00f5es para a CPA.<\/span><\/p>\n<p><span style=\"font-weight: 400\">A sele\u00e7\u00e3o ser\u00e1 realizada pela pr\u00f3pria Comiss\u00e3o Pr\u00f3pria de Avalia\u00e7\u00e3o, com escolha por vota\u00e7\u00e3o entre seus membros. O mandato dos selecionados ser\u00e1 de dois anos, com possibilidade de recondu\u00e7\u00e3o.<\/span><\/p>\n<p><span style=\"font-weight: 400\">A participa\u00e7\u00e3o na CPA \u00e9 de car\u00e1ter volunt\u00e1rio e n\u00e3o gera v\u00ednculo empregat\u00edcio ou remunera\u00e7\u00e3o, sendo considerada uma importante contribui\u00e7\u00e3o institucional para o aprimoramento da qualidade acad\u00eamica e da gest\u00e3o universit\u00e1ria.<\/span><\/p>\n<p><span style=\"font-weight: 400\">Mais informa\u00e7\u00f5es e o acesso ao formul\u00e1rio de inscri\u00e7\u00e3o estar\u00e3o dispon\u00edveis nos canais abaixo:<\/span><\/p>\n<p><b>Link de inscri\u00e7\u00e3o:<\/b> <a href=\"https:\/\/forms.gle\/nKntkGRtFKdP4r5n8\"><span style=\"font-weight: 400\">https:\/\/forms.gle\/nKntkGRtFKdP4r5n8<\/span><\/a><\/p>\n<p><b>Link do edital: <\/b><a href=\"https:\/\/drive.google.com\/file\/d\/1WRwMK3AGpoHdSfBHONd4-Zh3roOpMytq\/view?usp=sharing\"><span style=\"font-weight: 400\">https:\/\/drive.google.com\/file\/d\/1WRwMK3AGpoHdSfBHONd4-Zh3roOpMytq\/view?usp=sharinghttps:\/\/drive.google.com\/file\/d\/1WRwMK3AGpoHdSfBHONd4-Zh3roOpMytq\/view?usp=sharing<\/span><\/a><\/p>\n<p><b>Anexos do edital (em formato edit\u00e1vel):<\/b><\/p>\n<p><b>&#8211;\u00a0 Anexo I <\/b><span style=\"font-weight: 400\">:<\/span><a href=\"https:\/\/docs.google.com\/document\/d\/12VAhPV2YdiUtkK1w5uLjeZ4rW7Bo_r4q_iGik6Ifvh4\/edit?usp=sharing\"><span style=\"font-weight: 400\">https:\/\/docs.google.com\/document\/d\/12VAhPV2YdiUtkK1w5uLjeZ4rW7Bo_r4q_iGik6Ifvh4\/edit?usp=sharing<\/span><\/a><\/p>\n<p><b>&#8211; Anexo II: <\/b><a href=\"https:\/\/docs.google.com\/document\/d\/1J_FA9ORvxcgy5gJ5sgPD_T8UIHg7hJtN5AtiXxXxaeE\/edit?usp=sharing\"><span style=\"font-weight: 400\">https:\/\/docs.google.com\/document\/d\/1J_FA9ORvxcgy5gJ5sgPD_T8UIHg7hJtN5AtiXxXxaeE\/edit?usp=sharing<\/span><\/a><\/p>\n<p>&nbsp;<\/p>\n","protected":false},"excerpt":{"rendered":"<p>Uern publica edital para sele\u00e7\u00e3o de membros da Comiss\u00e3o Pr\u00f3pria de Avalia\u00e7\u00e3o (CPA) A Universidade do Estado do Rio Grande do Norte (Uern) publicou o Edital de Chamamento P\u00fablico n\u00ba 01\/2026, que trata da sele\u00e7\u00e3o de representantes para compor a Comiss\u00e3o Pr\u00f3pria de Avalia\u00e7\u00e3o (CPA). A iniciativa visa fortalecer a participa\u00e7\u00e3o social e ampliar o [&hellip;]<\/p>\n","protected":false},"author":33,"featured_media":0,"parent":0,"menu_order":0,"comment_status":"closed","ping_status":"closed","template":"","meta":[],"_links":{"self":[{"href":"https:\/\/portal.uern.br\/aai\/wp-json\/wp\/v2\/pages\/1747"}],"collection":[{"href":"https:\/\/portal.uern.br\/aai\/wp-json\/wp\/v2\/pages"}],"about":[{"href":"https:\/\/portal.uern.br\/aai\/wp-json\/wp\/v2\/types\/page"}],"author":[{"embeddable":true,"href":"https:\/\/portal.uern.br\/aai\/wp-json\/wp\/v2\/users\/33"}],"replies":[{"embeddable":true,"href":"https:\/\/portal.uern.br\/aai\/wp-json\/wp\/v2\/comments?post=1747"}],"version-history":[{"count":3,"href":"https:\/\/portal.uern.br\/aai\/wp-json\/wp\/v2\/pages\/1747\/revisions"}],"predecessor-version":[{"id":1750,"href":"https:\/\/portal.uern.br\/aai\/wp-json\/wp\/v2\/pages\/1747\/revisions\/1750"}],"wp:attachment":[{"href":"https:\/\/portal.uern.br\/aai\/wp-json\/wp\/v2\/media?parent=1747"}],"curies":[{"name":"wp","href":"https:\/\/api.w.org\/{rel}","templated":true}]}}