{"id":1529,"date":"2025-05-07T11:33:55","date_gmt":"2025-05-07T14:33:55","guid":{"rendered":"https:\/\/portal.uern.br\/aai\/?page_id=1529"},"modified":"2025-05-08T16:56:04","modified_gmt":"2025-05-08T19:56:04","slug":"relatorio-sintetico-de-avaliacao-externa-dos-cursos-de-graduacao-2023-2024","status":"publish","type":"page","link":"https:\/\/portal.uern.br\/aai\/relatorio-sintetico-de-avaliacao-externa-dos-cursos-de-graduacao-2023-2024\/","title":{"rendered":"Relat\u00f3rio Sint\u00e9tico de Avalia\u00e7\u00e3o Externa dos Cursos de Gradua\u00e7\u00e3o (2023-2024)"},"content":{"rendered":"<p>No relat\u00f3rio s\u00e3o apresentados os principais resultados dos cursos da Uern que passaram por avalia\u00e7\u00e3o externa no per\u00edodo de 2023 e 2024 e cujos decretos de reconhecimento foram publicados em 2024. Espera-se que seja contribui\u00e7\u00e3o para orientar a\u00e7\u00f5es e estrat\u00e9gias voltadas \u00e0 qualifica\u00e7\u00e3o dos cursos, subsidiando planos de melhoria cont\u00ednua para o ciclo avaliativo seguinte e fornecendo elementos para que a gest\u00e3o acad\u00eamica e institucional possa incorporar essas informa\u00e7\u00f5es em seus processos de planejamento. Para acessar o documento, clique <a href=\"https:\/\/drive.google.com\/file\/d\/1CU-JYGDXEXp0xMWslUct1_QFgALLjCei\/view?usp=sharing\">aqui<\/a>.<\/p>\n","protected":false},"excerpt":{"rendered":"<p>No relat\u00f3rio s\u00e3o apresentados os principais resultados dos cursos da Uern que passaram por avalia\u00e7\u00e3o externa no per\u00edodo de 2023 e 2024 e cujos decretos de reconhecimento foram publicados em 2024. Espera-se que seja contribui\u00e7\u00e3o para orientar a\u00e7\u00f5es e estrat\u00e9gias voltadas \u00e0 qualifica\u00e7\u00e3o dos cursos, subsidiando planos de melhoria cont\u00ednua para o ciclo avaliativo seguinte [&hellip;]<\/p>\n","protected":false},"author":33,"featured_media":0,"parent":0,"menu_order":0,"comment_status":"closed","ping_status":"closed","template":"","meta":[],"_links":{"self":[{"href":"https:\/\/portal.uern.br\/aai\/wp-json\/wp\/v2\/pages\/1529"}],"collection":[{"href":"https:\/\/portal.uern.br\/aai\/wp-json\/wp\/v2\/pages"}],"about":[{"href":"https:\/\/portal.uern.br\/aai\/wp-json\/wp\/v2\/types\/page"}],"author":[{"embeddable":true,"href":"https:\/\/portal.uern.br\/aai\/wp-json\/wp\/v2\/users\/33"}],"replies":[{"embeddable":true,"href":"https:\/\/portal.uern.br\/aai\/wp-json\/wp\/v2\/comments?post=1529"}],"version-history":[{"count":3,"href":"https:\/\/portal.uern.br\/aai\/wp-json\/wp\/v2\/pages\/1529\/revisions"}],"predecessor-version":[{"id":1537,"href":"https:\/\/portal.uern.br\/aai\/wp-json\/wp\/v2\/pages\/1529\/revisions\/1537"}],"wp:attachment":[{"href":"https:\/\/portal.uern.br\/aai\/wp-json\/wp\/v2\/media?parent=1529"}],"curies":[{"name":"wp","href":"https:\/\/api.w.org\/{rel}","templated":true}]}}