{"id":1447,"date":"2024-12-16T08:28:13","date_gmt":"2024-12-16T11:28:13","guid":{"rendered":"https:\/\/portal.uern.br\/aai\/?page_id=1447"},"modified":"2024-12-16T08:34:12","modified_gmt":"2024-12-16T11:34:12","slug":"capacitacoes","status":"publish","type":"page","link":"https:\/\/portal.uern.br\/aai\/capacitacoes\/","title":{"rendered":"Capacita\u00e7\u00f5es"},"content":{"rendered":"<p>A AAI, em parceria com a CPA e a Progep, promove regularmente capacita\u00e7\u00f5es com o objetivo de conscientizar a comunidade acad\u00eamica sobre a import\u00e2ncia e o fluxo dos processos de avalia\u00e7\u00e3o da UERN. Essas iniciativas buscam fomentar a cultura da autoavalia\u00e7\u00e3o e contribuir para a constru\u00e7\u00e3o de uma gest\u00e3o participativa, pautada na corresponsabiliza\u00e7\u00e3o.<\/p>\n<p>Capacita\u00e7\u00f5es disponibilizadas:<\/p>\n<h6><strong>Rumo \u00e0 excel\u00eancia: entendendo o processo de avalia\u00e7\u00e3o in loco dos cursos de gradua\u00e7\u00e3o. Link de acesso:\u00a0<a href=\"https:\/\/www.youtube.com\/watch?v=Pqvhiz6E0Iw&amp;t=41s\">https:\/\/www.youtube.com\/watch?v=Pqvhiz6E0Iw&amp;t=41s<\/a><\/strong><\/h6>\n<h6><strong>Avalia\u00e7\u00e3o Institucional: <\/strong><strong>Orienta\u00e7\u00f5es para Preenchimento de Relat\u00f3rios e Procedimentos Avaliativos. Link de acesso:\u00a0<a href=\"https:\/\/www.youtube.com\/watch?v=ll9O0MrM8PE\">https:\/\/www.youtube.com\/watch?v=ll9O0MrM8PE<\/a><\/strong><\/h6>\n<h6><strong>Como utilizar a plataforma do SIGAA para responder a avalia\u00e7\u00e3o institucional e conhecer os resultado. Link de Acesso:\u00a0<a href=\"https:\/\/www.youtube.com\/watch?v=XPUN2lM5KHU&amp;t=1099s\">https:\/\/www.youtube.com\/watch?v=XPUN2lM5KHU&amp;t=1099s<\/a><\/strong><\/h6>\n<h6><strong>Roda de Conversa: Indicadores externos de avalia\u00e7\u00e3o superior. Link de acesso:\u00a0<a href=\"https:\/\/www.youtube.com\/watch?v=VXIVXO5aV34\">https:\/\/www.youtube.com\/watch?v=VXIVXO5aV34<\/a><\/strong><\/h6>\n","protected":false},"excerpt":{"rendered":"<p>A AAI, em parceria com a CPA e a Progep, promove regularmente capacita\u00e7\u00f5es com o objetivo de conscientizar a comunidade acad\u00eamica sobre a import\u00e2ncia e o fluxo dos processos de avalia\u00e7\u00e3o da UERN. Essas iniciativas buscam fomentar a cultura da autoavalia\u00e7\u00e3o e contribuir para a constru\u00e7\u00e3o de uma gest\u00e3o participativa, pautada na corresponsabiliza\u00e7\u00e3o. Capacita\u00e7\u00f5es disponibilizadas: [&hellip;]<\/p>\n","protected":false},"author":33,"featured_media":0,"parent":0,"menu_order":0,"comment_status":"closed","ping_status":"closed","template":"","meta":[],"_links":{"self":[{"href":"https:\/\/portal.uern.br\/aai\/wp-json\/wp\/v2\/pages\/1447"}],"collection":[{"href":"https:\/\/portal.uern.br\/aai\/wp-json\/wp\/v2\/pages"}],"about":[{"href":"https:\/\/portal.uern.br\/aai\/wp-json\/wp\/v2\/types\/page"}],"author":[{"embeddable":true,"href":"https:\/\/portal.uern.br\/aai\/wp-json\/wp\/v2\/users\/33"}],"replies":[{"embeddable":true,"href":"https:\/\/portal.uern.br\/aai\/wp-json\/wp\/v2\/comments?post=1447"}],"version-history":[{"count":5,"href":"https:\/\/portal.uern.br\/aai\/wp-json\/wp\/v2\/pages\/1447\/revisions"}],"predecessor-version":[{"id":1453,"href":"https:\/\/portal.uern.br\/aai\/wp-json\/wp\/v2\/pages\/1447\/revisions\/1453"}],"wp:attachment":[{"href":"https:\/\/portal.uern.br\/aai\/wp-json\/wp\/v2\/media?parent=1447"}],"curies":[{"name":"wp","href":"https:\/\/api.w.org\/{rel}","templated":true}]}}