{"id":123,"date":"2022-10-19T16:18:32","date_gmt":"2022-10-19T19:18:32","guid":{"rendered":"https:\/\/paisdemossoro.com.br\/wordpress\/aai\/?page_id=123"},"modified":"2023-09-05T10:16:27","modified_gmt":"2023-09-05T13:16:27","slug":"relatorios-da-avaliacao-dos-tecnico-administrativos","status":"publish","type":"page","link":"https:\/\/portal.uern.br\/aai\/relatorios-da-avaliacao-dos-tecnico-administrativos\/","title":{"rendered":"Relat\u00f3rios de Avalia\u00e7\u00e3o dos Servidores T\u00e9cnico-administrativos"},"content":{"rendered":"<h3>AVALIA\u00c7\u00c3O DOS T\u00c9CNICOS ADMINISTRATIVOS<\/h3>\n<div class=\"flex-1 overflow-hidden\">\n<div class=\"react-scroll-to-bottom--css-tslqt-79elbk h-full dark:bg-gray-800\">\n<div class=\"react-scroll-to-bottom--css-tslqt-1n7m0yu\">\n<div class=\"flex flex-col text-sm dark:bg-gray-800\">\n<div class=\"group w-full text-token-text-primary border-b border-black\/10 dark:border-gray-900\/50 bg-gray-50 dark:bg-[#444654]\" data-testid=\"conversation-turn-5\">\n<div class=\"p-4 justify-center text-base md:gap-6 md:py-6 lg:px-0 m-auto\">\n<div class=\"flex flex-1 gap-4 text-base mx-auto md:gap-6 md:max-w-2xl lg:max-w-[38rem] xl:max-w-3xl }\">\n<div class=\"relative flex w-[calc(100%-50px)] flex-col gap-1 md:gap-3 lg:w-[calc(100%-115px)]\">\n<div class=\"flex flex-grow flex-col gap-3 max-w-full\">\n<div class=\"min-h-[20px] flex flex-col items-start gap-3 overflow-x-auto whitespace-pre-wrap break-words\">\n<div class=\"markdown prose w-full break-words dark:prose-invert light\">\n<p style=\"text-align: left\">A avalia\u00e7\u00e3o institucional desempenha um papel fundamental no aprimoramento cont\u00ednuo das universidades, estendendo-se para al\u00e9m dos servidores docentes, alcan\u00e7ando tamb\u00e9m o corpo t\u00e9cnico-administrativo. Essa pr\u00e1tica permite uma an\u00e1lise criteriosa dos processos e servi\u00e7os oferecidos por esses profissionais, contribuindo para a efici\u00eancia, a qualidade e a excel\u00eancia das institui\u00e7\u00f5es de ensino superior.<\/p>\n<p>Os t\u00e9cnicos administrativos s\u00e3o pe\u00e7as-chave na opera\u00e7\u00e3o das universidades, desempenhando uma variedade de fun\u00e7\u00f5es, que v\u00e3o desde a gest\u00e3o administrativa e financeira at\u00e9 o suporte t\u00e9cnico e o atendimento aos alunos. A avalia\u00e7\u00e3o institucional desses profissionais n\u00e3o apenas reconhece seu impacto na vida universit\u00e1ria, como tamb\u00e9m identifica \u00e1reas de melhoria e oportunidades para otimiza\u00e7\u00e3o dos servi\u00e7os prestados.<\/p>\n<p>Ao envolver esses profissionais no processo de avalia\u00e7\u00e3o, as universidades promovem a transpar\u00eancia e a participa\u00e7\u00e3o ativa, fortalecendo o senso de pertencimento e colabora\u00e7\u00e3o. Isso pode levar a melhorias significativas na comunica\u00e7\u00e3o interna, na gest\u00e3o de recursos e na inova\u00e7\u00e3o de processos.<\/p>\n<p>Al\u00e9m disso, avaliar esse segmento permite a identifica\u00e7\u00e3o de necessidades de capacita\u00e7\u00e3o e treinamento, visando ao aprimoramento de habilidades t\u00e9cnicas e compet\u00eancias comportamentais. Isso resulta em uma equipe mais preparada para enfrentar os desafios em constante evolu\u00e7\u00e3o no ambiente acad\u00eamico.<\/p>\n<p>Outro aspecto crucial \u00e9 a efetividade das pol\u00edticas e diretrizes institucionais. A avalia\u00e7\u00e3o do corpo t\u00e9cnico-administrativo ajuda a determinar se essas pol\u00edticas est\u00e3o sendo implementadas de maneira eficaz e se est\u00e3o alcan\u00e7ando os objetivos desejados. Isso contribui para a constru\u00e7\u00e3o de um ambiente de trabalho saud\u00e1vel e produtivo, beneficiando n\u00e3o apenas esses profissionais, mas tamb\u00e9m toda a comunidade acad\u00eamica.<\/p>\n<p>Em suma, a avalia\u00e7\u00e3o institucional dos t\u00e9cnicos administrativos nas universidades desempenha um papel estrat\u00e9gico na promo\u00e7\u00e3o da qualidade e da excel\u00eancia educacional. Ao reconhecer seu papel essencial, identificar \u00e1reas de aprimoramento e fomentar a colabora\u00e7\u00e3o, as institui\u00e7\u00f5es de ensino superior fortalecem sua capacidade de oferecer servi\u00e7os eficientes e de alto n\u00edvel, impactando positivamente a experi\u00eancia dos discentes e o funcionamento geral da universidade.<\/p>\n<p>Nesse sentido, a Comiss\u00e3o Pr\u00f3pria de Avalia\u00e7\u00e3o da Uern (CPA) torna p\u00fablicos os seguintes relat\u00f3rios:<\/p>\n<\/div>\n<\/div>\n<\/div>\n<\/div>\n<\/div>\n<\/div>\n<\/div>\n<\/div>\n<\/div>\n<\/div>\n<\/div>\n<ul>\n<li>Relat\u00f3rio de Avalia\u00e7\u00e3o dos Servidores T\u00e9cnico-administrativos (2020), ano de refer\u00eancia 2019:\u00a0 <a href=\"https:\/\/www.uern.br\/controledepaginas\/aai_tecnicos\/arquivos\/5644relata%C2%B3rio_de_autoavaliaa%C2%A7a%C2%A3o_dos_ta%C2%A9cnicos.pdf\">clique aqui.<\/a><\/li>\n<li>Relat\u00f3rio de Avalia\u00e7\u00e3o dos Servidores\u00a0 T\u00e9cnico-administrativos (2023), ano de refer\u00eancia 2022:\u00a0 <a href=\"https:\/\/portal.uern.br\/aai\/wp-content\/uploads\/sites\/4\/2023\/09\/Relatorio_tecnicos_2022-CPA_2023.pdf\">clique aqui<\/a>.<\/li>\n<\/ul>\n","protected":false},"excerpt":{"rendered":"<p>AVALIA\u00c7\u00c3O DOS T\u00c9CNICOS ADMINISTRATIVOS A avalia\u00e7\u00e3o institucional desempenha um papel fundamental no aprimoramento cont\u00ednuo das universidades, estendendo-se para al\u00e9m dos servidores docentes, alcan\u00e7ando tamb\u00e9m o corpo t\u00e9cnico-administrativo. Essa pr\u00e1tica permite uma an\u00e1lise criteriosa dos processos e servi\u00e7os oferecidos por esses profissionais, contribuindo para a efici\u00eancia, a qualidade e a excel\u00eancia das institui\u00e7\u00f5es de ensino superior. [&hellip;]<\/p>\n","protected":false},"author":1,"featured_media":0,"parent":0,"menu_order":0,"comment_status":"closed","ping_status":"closed","template":"","meta":[],"_links":{"self":[{"href":"https:\/\/portal.uern.br\/aai\/wp-json\/wp\/v2\/pages\/123"}],"collection":[{"href":"https:\/\/portal.uern.br\/aai\/wp-json\/wp\/v2\/pages"}],"about":[{"href":"https:\/\/portal.uern.br\/aai\/wp-json\/wp\/v2\/types\/page"}],"author":[{"embeddable":true,"href":"https:\/\/portal.uern.br\/aai\/wp-json\/wp\/v2\/users\/1"}],"replies":[{"embeddable":true,"href":"https:\/\/portal.uern.br\/aai\/wp-json\/wp\/v2\/comments?post=123"}],"version-history":[{"count":20,"href":"https:\/\/portal.uern.br\/aai\/wp-json\/wp\/v2\/pages\/123\/revisions"}],"predecessor-version":[{"id":1114,"href":"https:\/\/portal.uern.br\/aai\/wp-json\/wp\/v2\/pages\/123\/revisions\/1114"}],"wp:attachment":[{"href":"https:\/\/portal.uern.br\/aai\/wp-json\/wp\/v2\/media?parent=123"}],"curies":[{"name":"wp","href":"https:\/\/api.w.org\/{rel}","templated":true}]}}