{"id":1182,"date":"2024-02-22T09:12:14","date_gmt":"2024-02-22T12:12:14","guid":{"rendered":"https:\/\/portal.uern.br\/aai\/?page_id=1182"},"modified":"2024-11-08T11:25:26","modified_gmt":"2024-11-08T14:25:26","slug":"ensino-remoto-periodo-da-pandemia","status":"publish","type":"page","link":"https:\/\/portal.uern.br\/aai\/ensino-remoto-periodo-da-pandemia\/","title":{"rendered":"Ensino remoto (per\u00edodo da Pandemia)"},"content":{"rendered":"<h3>Avalia\u00e7\u00e3o do ensino remoto:<\/h3>\n<p>A UERN adotou o ensino remoto durante a pandemia do Covid-19. Nesse sentido, a CPA (Comiss\u00e3o Pr\u00f3pria de Avalia\u00e7\u00e3o) elaborou um formul\u00e1rio espec\u00edfico para avaliar esse per\u00edodo. O referido formul\u00e1rio foi aplicado pela plataforma do Google Form e as planilhas com os resultados foram enviadas pela AAI (Assessoria de Avalia\u00e7\u00e3o Institucional) aos Departamentos dos Cursos para an\u00e1lise e elabora\u00e7\u00e3o dos relat\u00f3rios das COSES.<\/p>\n<h4 data-raofz=\"24\">Orienta\u00e7\u00f5es para constru\u00e7\u00e3o de Gr\u00e1ficos ( Avalia\u00e7\u00e3o aplicada pelo Google Forms)<\/h4>\n<p data-raofz=\"16\">Diante da dificuldade encontrada por alguns membros das COSEs em manipular as planilhas contendo os dados dos question\u00e1rios docente e discente e criar os gr\u00e1ficos que far\u00e3o parte dos relat\u00f3rios da avalia\u00e7\u00e3o do ensino remoto, dos semestres 2020.1 e 2020.2, a equipe da Assessoria de Avalia\u00e7\u00e3o Institucional elaborou um tutorial b\u00e1sico para auxiliar a suprir essa dificuldade. <span style=\"color: #993300\">Clique aqui para ter acesso ao<strong>\u00a0<a href=\"https:\/\/drive.google.com\/file\/d\/1dM-Q1S5JpT59iW--TJn3fAxX9q6QaFo1\/view?usp=sharing\">tutorial para constru\u00e7\u00e3o de gr\u00e1ficos Relat\u00f3rio Semestral COSE.<\/a><\/strong><\/span><\/p>\n<div data-raofz=\"16\">Slides apresentados na reuni\u00e3o do dia 07\/04\/2017<\/div>\n<p data-raofz=\"16\"><span style=\"color: #993300\">Clique aqui para acessar os<strong>\u00a0<a style=\"color: #993300\" role=\"link\" href=\"https:\/\/drive.google.com\/file\/d\/0B3r91gIK_tF-QlBvVTAzbDdfeVk\/view?usp=sharing\" data-raofz=\"16\">slides.<\/a><\/strong><\/span><\/p>\n","protected":false},"excerpt":{"rendered":"<p>Avalia\u00e7\u00e3o do ensino remoto: A UERN adotou o ensino remoto durante a pandemia do Covid-19. Nesse sentido, a CPA (Comiss\u00e3o Pr\u00f3pria de Avalia\u00e7\u00e3o) elaborou um formul\u00e1rio espec\u00edfico para avaliar esse per\u00edodo. O referido formul\u00e1rio foi aplicado pela plataforma do Google Form e as planilhas com os resultados foram enviadas pela AAI (Assessoria de Avalia\u00e7\u00e3o Institucional) [&hellip;]<\/p>\n","protected":false},"author":33,"featured_media":0,"parent":0,"menu_order":0,"comment_status":"closed","ping_status":"closed","template":"","meta":[],"_links":{"self":[{"href":"https:\/\/portal.uern.br\/aai\/wp-json\/wp\/v2\/pages\/1182"}],"collection":[{"href":"https:\/\/portal.uern.br\/aai\/wp-json\/wp\/v2\/pages"}],"about":[{"href":"https:\/\/portal.uern.br\/aai\/wp-json\/wp\/v2\/types\/page"}],"author":[{"embeddable":true,"href":"https:\/\/portal.uern.br\/aai\/wp-json\/wp\/v2\/users\/33"}],"replies":[{"embeddable":true,"href":"https:\/\/portal.uern.br\/aai\/wp-json\/wp\/v2\/comments?post=1182"}],"version-history":[{"count":3,"href":"https:\/\/portal.uern.br\/aai\/wp-json\/wp\/v2\/pages\/1182\/revisions"}],"predecessor-version":[{"id":1439,"href":"https:\/\/portal.uern.br\/aai\/wp-json\/wp\/v2\/pages\/1182\/revisions\/1439"}],"wp:attachment":[{"href":"https:\/\/portal.uern.br\/aai\/wp-json\/wp\/v2\/media?parent=1182"}],"curies":[{"name":"wp","href":"https:\/\/api.w.org\/{rel}","templated":true}]}}