{"id":1179,"date":"2024-02-22T09:02:53","date_gmt":"2024-02-22T12:02:53","guid":{"rendered":"https:\/\/portal.uern.br\/aai\/?page_id=1179"},"modified":"2025-10-29T12:13:47","modified_gmt":"2025-10-29T15:13:47","slug":"sigaa-a-partir-de-2023-1","status":"publish","type":"page","link":"https:\/\/portal.uern.br\/aai\/sigaa-a-partir-de-2023-1\/","title":{"rendered":"Sigaa (a partir de 2023.1)"},"content":{"rendered":"<h3>Avalia\u00e7\u00e3o Institucional atrav\u00e9s do Sigaa (a partir de 2023.1)<\/h3>\n<p>A partir do semestre 2023.1, a disponibiliza\u00e7\u00e3o dos formul\u00e1rios de avalia\u00e7\u00e3o institucional passou a ser realizada pelo <span data-raofz=\"16\">Sistema Integrado de Gest\u00e3o de Atividades Acad\u00eamicas \u2013 Sigaa<\/span>, com o objetivo de modernizar e tornar o processo de avalia\u00e7\u00e3o mais eficiente.<\/p>\n<p>\u00c9 importante ressaltar que os Chefes de Departamento ter\u00e3o acesso \u00e0 totalidade dos resultados da avalia\u00e7\u00e3o institucional do semestre 2023.1 de seus respectivos cursos, com exce\u00e7\u00e3o das respostas relacionadas \u00e0 dimens\u00e3o de Infraestrutura, as quais est\u00e3o sendo disponibilizadas por meio desta assessoria. Os resultados da avalia\u00e7\u00e3o institucional est\u00e3o dispon\u00edveis para visualiza\u00e7\u00e3o e an\u00e1lise dos chefes em dois formatos: anal\u00edtico e sint\u00e9tico.<\/p>\n<p dir=\"ltr\">Para que os chefes de departamento possam ter acesso aos dados da avalia\u00e7\u00e3o institucional docente, na forma anal\u00edtica, ou seja, mais detalhada, devem seguir o seguinte caminho:<\/p>\n<p dir=\"ltr\">&#8211; Acessar, no Sigaa, o Portal Docente<\/p>\n<p dir=\"ltr\">&#8211; Clicar em Chefia -&gt; Avalia\u00e7\u00e3o Institucional -&gt; Resultado Anal\u00edtico do Docente por Turma<\/p>\n<p dir=\"ltr\"><img fetchpriority=\"high\" decoding=\"async\" class=\"CToWUd a6T\" src=\"https:\/\/lh7-us.googleusercontent.com\/w2_RDhjRGz_TkDtPwiYlqtgqwIg7un6oYiCkANCWiMz0XqphuyCkJOoJOYnPla2IRTqDPoH4mS4ETYz1fH1I2sAE9GLNPayOtZ9YF4Us94lEKzOz7fbiIxbQvi1k6hzRBJOFHYFuTB_q3fPgS9nFeA\" width=\"567\" height=\"211\" data-bit=\"iit\" \/><\/p>\n<p dir=\"ltr\">Ao clicar em Resultado Anal\u00edtico do Docente por Turma, uma nova tela \u00e9 aberta, para que seja selecionado o ano\/per\u00edodo da avalia\u00e7\u00e3o que se deseja acessar o resultado.<\/p>\n<p dir=\"ltr\"><img decoding=\"async\" class=\"CToWUd a6T\" src=\"https:\/\/lh7-us.googleusercontent.com\/bzfoejwM_ZeDlE1wTtEW1841CSEAeIPv3jW_Fo8YG0UeTJwfEDE2N4VR4Eq_duhxPsQ6owylp2k82yIr52Onb-oY8S5MuS1wB4BYbQMW9-7d8MkWOFSf40ANSfaNp-GddyG6FlAW5j4Xfd0PVInHlA\" alt=\"Interface gr\u00e1fica do usu\u00e1rio, Aplicativo Descri\u00e7\u00e3o gerada automaticamente\" width=\"567\" height=\"125\" data-bit=\"iit\" \/><\/p>\n<p dir=\"ltr\">Ao clicar na op\u00e7\u00e3o Buscar, uma nova tela \u00e9 aberta, com a listagem de todos os docentes do departamento, que foram avaliados. Assim, para ver a avalia\u00e7\u00e3o de um docente especificamente, o Chefe dever\u00e1 clicar\u00a0 na lupa para acessar os dados.<\/p>\n<p dir=\"ltr\"><img decoding=\"async\" class=\"CToWUd a6T\" src=\"https:\/\/lh7-us.googleusercontent.com\/MmaBdXNavigVGDzrx8YjDiZqqgV7pzSigciOeKq_EOOeti26_mxx3rsnQH3gPrI0Duq7uC7Ng73v2d7qVT7EiV1iQQkdsWXBW_xq7Ji3QFyaeWrzxaixqc7yFOM3dsgwdWNike3eEhqV3DvLZ_hAmw\" alt=\"Interface gr\u00e1fica do usu\u00e1rio, Aplicativo Descri\u00e7\u00e3o gerada automaticamente\" width=\"567\" height=\"161\" data-bit=\"iit\" \/><\/p>\n<p>&nbsp;<\/p>\n<p dir=\"ltr\">Para que os chefes de departamento possam ter acesso aos dados da Avalia\u00e7\u00e3o Institucional docente, na forma sint\u00e9tica, ou seja, mais resumida, devem seguir o seguinte caminho:<\/p>\n<p dir=\"ltr\">&#8211; Acessar, no Sigaa, o Portal Docente<\/p>\n<p dir=\"ltr\">&#8211; Clicar em Chefia -&gt; Avalia\u00e7\u00e3o Institucional -&gt; Resultado Sint\u00e9tico do seu Departamento<\/p>\n<p dir=\"ltr\"><img loading=\"lazy\" decoding=\"async\" class=\"CToWUd a6T\" src=\"https:\/\/lh7-us.googleusercontent.com\/XtBTxukukENBUK_MxLm1l5RE2ayLc1tjvIneuefboBfovmWqR9sD9KuySbNS781JJYVaRQl9rTAIoVp04KLVzO5mdJI_nU3CjTf2rCLEgo53siq2i7e0RCgOgUa9dsq10UNMWECyU5aOLCMnOiDTRQ\" alt=\"Interface gr\u00e1fica do usu\u00e1rio, Texto, Aplicativo Descri\u00e7\u00e3o gerada automaticamente\" width=\"567\" height=\"177\" data-bit=\"iit\" \/><\/p>\n<p dir=\"ltr\">Ao clicar em Resultado Sint\u00e9tico do seu Departamento, uma nova tela \u00e9 aberta, para que seja selecionado o ano\/per\u00edodo da avalia\u00e7\u00e3o que se deseja acessar o resultado.<\/p>\n<p dir=\"ltr\"><img loading=\"lazy\" decoding=\"async\" class=\"CToWUd a6T\" src=\"https:\/\/lh7-us.googleusercontent.com\/ZtuSFG9d7cHsNmHFL-50qKbdHCwFNnAmFSVPiD2OWX2rpImriYpXWN1g1ikNFCb58vD3N_sqcAgadj2451gmA47PdrzKhTndhxhhFX84oHtw1u_8uwFjJBB9v3WaQbeflYXIxQsRsdhXFJHGDHnvpA\" alt=\"Interface gr\u00e1fica do usu\u00e1rio, Texto, Aplicativo Descri\u00e7\u00e3o gerada automaticamente\" width=\"567\" height=\"144\" data-bit=\"iit\" \/><\/p>\n<p dir=\"ltr\">Ao selecionar o ano\/per\u00edodo, o Chefe dever\u00e1 clicar na op\u00e7\u00e3o Gerar Relat\u00f3rio. Dessa forma, uma nova tela ser\u00e1 aberta com a avalia\u00e7\u00e3o de todos os professores do departamento que foram avaliados.<\/p>\n<h3 data-raofz=\"28\"><strong>Diretrizes gerais para elabora\u00e7\u00e3o dos relat\u00f3rios de avalia\u00e7\u00e3o interna<\/strong><\/h3>\n<p data-raofz=\"16\">S\u00e3o orienta\u00e7\u00f5es gerais para a confec\u00e7\u00e3o dos relat\u00f3rios de avalia\u00e7\u00e3o interna semestrais (<span data-raofz=\"16\">Relat\u00f3rio Sint\u00e9tico (Parcial) e Relat\u00f3rio Anal\u00edtico (Final)), a partir de 2023.1, com base nos resultados da avalia\u00e7\u00e3o institucional dispon\u00edveis no Sigaa. <span style=\"color: #993300\">Clique<strong>\u00a0<a style=\"color: #993300\" role=\"link\" href=\"https:\/\/portal.uern.br\/aai\/wp-content\/uploads\/sites\/4\/2023\/09\/Diretrizes-gerais_Coses-3.pdf\" data-raofz=\"16\">aqui\u00a0<\/a><\/strong>para ver as diretrizes.<\/span><\/span><\/p>\n<h3 data-raofz=\"28\">Modelos de Relat\u00f3rios a partir de 2023.1<\/h3>\n<h3>Cursos presenciais<\/h3>\n<h4 data-raofz=\"24\">Relat\u00f3rio sint\u00e9tico (parcial)<\/h4>\n<p data-raofz=\"16\">Esse modelo deve ser utilizado para elabora\u00e7\u00e3o do Relat\u00f3rio Sint\u00e9tico (Parcial), utilizando como base de pesquisa os dados coletados pela aplica\u00e7\u00e3o da avalia\u00e7\u00e3o institucional via plataforma do Sigaa. O relat\u00f3rio deve ser enviado por meio do Sistema Eletr\u00f4nico de Informa\u00e7\u00f5es \u2013 SEI para a Assessoria de Avalia\u00e7\u00e3o Institucional \u2013 AAI, respeitando o prazo definido no calend\u00e1rio universit\u00e1rio.<\/p>\n<p data-raofz=\"16\"><span style=\"color: #993300\">Clique<strong>\u00a0<a style=\"color: #993300\" role=\"link\" href=\"https:\/\/docs.google.com\/document\/d\/1dRub6zaqHiCHPOJ9GtSSS6cpbF7gD7m0\/edit?usp=sharing&amp;ouid=115488754771913442096&amp;rtpof=true&amp;sd=true\" data-raofz=\"16\">aqui<\/a><\/strong> para fazer o download do arquivo: Modelo de Relat\u00f3rio Sint\u00e9tico da Avalia\u00e7\u00e3o Interna (at\u00e9 2024.2).<\/span><\/p>\n<p data-raofz=\"16\"><span style=\"color: #993300\">Clique<strong>\u00a0<a style=\"color: #993300\" role=\"link\" href=\"https:\/\/docs.google.com\/document\/d\/18VO-Zg2otPNzs3c4jMHIHq3TpJZGj_a0\/edit?usp=sharing&amp;ouid=115488754771913442096&amp;rtpof=true&amp;sd=true\" data-raofz=\"16\">aqui<\/a><\/strong> para fazer o download do arquivo: Modelo de Relat\u00f3rio Sint\u00e9tico da Avalia\u00e7\u00e3o Interna (a partir de 2025.1).<\/span><\/p>\n<h4 data-raofz=\"24\">Relat\u00f3rio anal\u00edtico (anual)<\/h4>\n<p data-raofz=\"16\">Esse modelo deve ser utilizado para elabora\u00e7\u00e3o do Relat\u00f3rio Anal\u00edtico (Anual), utilizando como base de pesquisa os dados coletados pela aplica\u00e7\u00e3o da avalia\u00e7\u00e3o institucional via plataforma do Sigaa. O relat\u00f3rio deve ser enviado por meio do Sistema Eletr\u00f4nico de Informa\u00e7\u00f5es \u2013 SEI para a Assessoria de Avalia\u00e7\u00e3o Institucional \u2013 AAI, respeitando o prazo definido no calend\u00e1rio universit\u00e1rio.<\/p>\n<p data-raofz=\"16\"><span style=\"color: #993300\"><a href=\"https:\/\/docs.google.com\/document\/d\/1IQXcfYPQt6wGdxE6MFrwhtM9NRDJYGdk\/edit?usp=sharing&amp;ouid=115488754771913442096&amp;rtpof=true&amp;sd=true\">Clique<strong>\u00a0aqui<\/strong>\u00a0<\/a>para fazer o download do arquivo: Modelo de Relat\u00f3rio Anal\u00edtico da Avalia\u00e7\u00e3o Interna.<\/span><\/p>\n<h3>Cursos EAD<\/h3>\n<h4 data-raofz=\"24\">Relat\u00f3rio sint\u00e9tico (parcial)<\/h4>\n<p>Esse modelo deve ser utilizado para elabora\u00e7\u00e3o do Relat\u00f3rio Sint\u00e9tico (Parcial), utilizando como base de pesquisa os dados coletados pela aplica\u00e7\u00e3o da avalia\u00e7\u00e3o institucional via plataforma do Sigaa. O relat\u00f3rio deve ser enviado por meio do Sistema Eletr\u00f4nico de Informa\u00e7\u00f5es \u2013 SEI para a Assessoria de Avalia\u00e7\u00e3o Institucional \u2013 AAI, respeitando o prazo definido no calend\u00e1rio universit\u00e1rio.<\/p>\n<p><span style=\"color: #993300\">Clique<strong>\u00a0<a style=\"color: #993300\" role=\"link\" href=\"https:\/\/docs.google.com\/document\/d\/1uwd7X5fFXZwt-15LZLMeaE_LaWeW1V13\/edit?usp=drive_link&amp;ouid=115488754771913442096&amp;rtpof=true&amp;sd=true\" data-raofz=\"16\">aqui<\/a><\/strong> para fazer o download do arquivo: Modelo de Relat\u00f3rio Sint\u00e9tico da Avalia\u00e7\u00e3o Interna (at\u00e9 2024.2).<\/span><\/p>\n<p><span style=\"color: #993300\">Clique<strong>\u00a0<a href=\"https:\/\/docs.google.com\/document\/d\/1K79xFCJIXRK7hfHvkuFcKv51JNXaLzia\/edit?usp=sharing&amp;ouid=115488754771913442096&amp;rtpof=true&amp;sd=true\">aqui<\/a><\/strong> para fazer o download do arquivo: Modelo de Relat\u00f3rio Sint\u00e9tico da Avalia\u00e7\u00e3o Interna (a partir de 2025.1)<\/span><\/p>\n<h4 data-raofz=\"24\">Relat\u00f3rio anal\u00edtico (anual)<\/h4>\n<p data-raofz=\"16\">Esse modelo deve ser utilizado para elabora\u00e7\u00e3o do Relat\u00f3rio Anal\u00edtico (Anual), utilizando como base de pesquisa os dados coletados pela aplica\u00e7\u00e3o da avalia\u00e7\u00e3o institucional via plataforma do Sigaa. O relat\u00f3rio deve ser enviado por meio do Sistema Eletr\u00f4nico de Informa\u00e7\u00f5es \u2013 SEI para a Assessoria de Avalia\u00e7\u00e3o Institucional \u2013 AAI, respeitando o prazo definido no calend\u00e1rio universit\u00e1rio.<\/p>\n<p data-raofz=\"16\"><span style=\"color: #993300\"><a href=\"https:\/\/docs.google.com\/document\/d\/1IPtQ3JwpupqvlSP7iL2uIxrkpfm__3NS\/edit?usp=sharing&amp;ouid=115488754771913442096&amp;rtpof=true&amp;sd=true\">Clique<strong>\u00a0aqui<\/strong><\/a>\u00a0para fazer o download do arquivo: Modelo de Relat\u00f3rio Anal\u00edtico da Avalia\u00e7\u00e3o Interna.<\/span><\/p>\n","protected":false},"excerpt":{"rendered":"<p>Avalia\u00e7\u00e3o Institucional atrav\u00e9s do Sigaa (a partir de 2023.1) A partir do semestre 2023.1, a disponibiliza\u00e7\u00e3o dos formul\u00e1rios de avalia\u00e7\u00e3o institucional passou a ser realizada pelo Sistema Integrado de Gest\u00e3o de Atividades Acad\u00eamicas \u2013 Sigaa, com o objetivo de modernizar e tornar o processo de avalia\u00e7\u00e3o mais eficiente. \u00c9 importante ressaltar que os Chefes de [&hellip;]<\/p>\n","protected":false},"author":33,"featured_media":0,"parent":0,"menu_order":0,"comment_status":"closed","ping_status":"closed","template":"","meta":[],"_links":{"self":[{"href":"https:\/\/portal.uern.br\/aai\/wp-json\/wp\/v2\/pages\/1179"}],"collection":[{"href":"https:\/\/portal.uern.br\/aai\/wp-json\/wp\/v2\/pages"}],"about":[{"href":"https:\/\/portal.uern.br\/aai\/wp-json\/wp\/v2\/types\/page"}],"author":[{"embeddable":true,"href":"https:\/\/portal.uern.br\/aai\/wp-json\/wp\/v2\/users\/33"}],"replies":[{"embeddable":true,"href":"https:\/\/portal.uern.br\/aai\/wp-json\/wp\/v2\/comments?post=1179"}],"version-history":[{"count":12,"href":"https:\/\/portal.uern.br\/aai\/wp-json\/wp\/v2\/pages\/1179\/revisions"}],"predecessor-version":[{"id":1684,"href":"https:\/\/portal.uern.br\/aai\/wp-json\/wp\/v2\/pages\/1179\/revisions\/1684"}],"wp:attachment":[{"href":"https:\/\/portal.uern.br\/aai\/wp-json\/wp\/v2\/media?parent=1179"}],"curies":[{"name":"wp","href":"https:\/\/api.w.org\/{rel}","templated":true}]}}