{"id":115,"date":"2022-10-19T16:10:17","date_gmt":"2022-10-19T19:10:17","guid":{"rendered":"https:\/\/paisdemossoro.com.br\/wordpress\/aai\/?page_id=115"},"modified":"2024-07-18T11:14:37","modified_gmt":"2024-07-18T14:14:37","slug":"atividades-administrativas-em-teletrabalho","status":"publish","type":"page","link":"https:\/\/portal.uern.br\/aai\/atividades-administrativas-em-teletrabalho\/","title":{"rendered":"Relat\u00f3rios das Atividades Administrativas em Teletrabalho"},"content":{"rendered":"<p>O objetivo da avalia\u00e7\u00e3o foi perceber como os servidores est\u00e3o concretizando a realidade do teletrabalho\/home office, bem como identificar os impactos dessa modalidade na continuidade das atividades administrativas e seus reflexos na sa\u00fade do servidor.O formul\u00e1rio ficou dispon\u00edvel para respostas de 13 a 28 de agosto de 2020 atrav\u00e9s de formul\u00e1rio disponibilizado pelo google forms. O instrumento coletou 484 respostas de servidores da UERN sendo 115 respostas relativas a Docentes em Atividade Administrativa, 49 T\u00e9cnicos Especializados e 320 T\u00e9cnicos Administrativos. O resultado foi divulgado para comunidade acad\u00eamica atrav\u00e9s do SEI em\u00a0<a href=\"https:\/\/sei.rn.gov.br\/sei\/modulos\/pesquisa\/md_pesq_processo_exibir.php?iI3OtHvPArITY997V09rhsSkbDKbaYSycOHqqF2xsM0IaDkkEyJpus7kCPb435VNEAb16AAxmJKUdrsNWVIqQywNvKI3cgOmuVYQxRn9tz-wU7B4hlrPa4S3Iyq_u5My\">Processo n\u00ba 04410003.002251\/2020-34<\/a>, para consultar o relat\u00f3rio na \u00edntegra clique no link a seguir\u00a0<a href=\"https:\/\/drive.google.com\/file\/d\/1FTz_tb0k_FjeYQwItu1Xvee8JFS7c-nH\/view?usp=sharing\">Relat\u00f3rio de Avalia\u00e7\u00e3o do Teletrabalho\/Home Office \u2013 Atividades Administrativas da Uern &#8211; Ano Refer\u00eancia 2020<\/a><\/p>\n<p>Com a continua\u00e7\u00e3o da pandemia, e consequentemente, do trabalho remoto, no ano de 2021, a avalia\u00e7\u00e3o do trabalho remoto foi realizada novamente. O relat\u00f3rio resultante dessa avalia\u00e7\u00e3o pode ser obtido atrav\u00e9s do seguinte link:\u00a0<a href=\"https:\/\/drive.google.com\/file\/d\/1fIcd0WpiTcUan4kGABPvuVptryXo1OKI\/view?usp=sharing\">Relat\u00f3rio de Avalia\u00e7\u00e3o do Relat\u00f3rio de Avalia\u00e7\u00e3o do Teletrabalho\/HOme Office 2021<\/a><\/p>\n","protected":false},"excerpt":{"rendered":"<p>O objetivo da avalia\u00e7\u00e3o foi perceber como os servidores est\u00e3o concretizando a realidade do teletrabalho\/home office, bem como identificar os impactos dessa modalidade na continuidade das atividades administrativas e seus reflexos na sa\u00fade do servidor.O formul\u00e1rio ficou dispon\u00edvel para respostas de 13 a 28 de agosto de 2020 atrav\u00e9s de formul\u00e1rio disponibilizado pelo google forms. [&hellip;]<\/p>\n","protected":false},"author":1,"featured_media":0,"parent":0,"menu_order":0,"comment_status":"closed","ping_status":"closed","template":"","meta":[],"_links":{"self":[{"href":"https:\/\/portal.uern.br\/aai\/wp-json\/wp\/v2\/pages\/115"}],"collection":[{"href":"https:\/\/portal.uern.br\/aai\/wp-json\/wp\/v2\/pages"}],"about":[{"href":"https:\/\/portal.uern.br\/aai\/wp-json\/wp\/v2\/types\/page"}],"author":[{"embeddable":true,"href":"https:\/\/portal.uern.br\/aai\/wp-json\/wp\/v2\/users\/1"}],"replies":[{"embeddable":true,"href":"https:\/\/portal.uern.br\/aai\/wp-json\/wp\/v2\/comments?post=115"}],"version-history":[{"count":3,"href":"https:\/\/portal.uern.br\/aai\/wp-json\/wp\/v2\/pages\/115\/revisions"}],"predecessor-version":[{"id":1325,"href":"https:\/\/portal.uern.br\/aai\/wp-json\/wp\/v2\/pages\/115\/revisions\/1325"}],"wp:attachment":[{"href":"https:\/\/portal.uern.br\/aai\/wp-json\/wp\/v2\/media?parent=115"}],"curies":[{"name":"wp","href":"https:\/\/api.w.org\/{rel}","templated":true}]}}