{"id":1139,"date":"2023-10-19T10:45:26","date_gmt":"2023-10-19T13:45:26","guid":{"rendered":"https:\/\/portal.uern.br\/aai\/?page_id=1139"},"modified":"2025-12-11T09:30:06","modified_gmt":"2025-12-11T12:30:06","slug":"avaliacao-da-pos-graduacao-lato-sensu","status":"publish","type":"page","link":"https:\/\/portal.uern.br\/aai\/avaliacao-da-pos-graduacao-lato-sensu\/","title":{"rendered":"Relat\u00f3rios da Avalia\u00e7\u00e3o da P\u00f3s-Gradua\u00e7\u00e3o Lato sensu"},"content":{"rendered":"<h4>Avalia\u00e7\u00e3o da P\u00f3s- Gradua\u00e7\u00e3o Latu Sensu<\/h4>\n<p>A divulga\u00e7\u00e3o dos resultados da avalia\u00e7\u00e3o da p\u00f3s-gradua\u00e7\u00e3o lato sensu \u00e9 uma etapa fundamental do nosso compromisso com a qualidade e a excel\u00eancia educacional. Conduzida pela Comiss\u00e3o Setorial de Avalia\u00e7\u00e3o Institucional da P\u00f3s-gradua\u00e7\u00e3o lato sensu (COSAIPG-LS) e pela Comiss\u00e3o Pr\u00f3pria de Avalia\u00e7\u00e3o (CPA), essas avalia\u00e7\u00f5es fornecem uma vis\u00e3o cr\u00edtica e imparcial da efic\u00e1cia de nossos programas. Ao tornar p\u00fablicos esses resultados, refor\u00e7amos nossa dedica\u00e7\u00e3o ao aprimoramento constante. Isso n\u00e3o apenas beneficia nossos cursos de p\u00f3s-gradua\u00e7\u00e3o, mas tamb\u00e9m contribui para a evolu\u00e7\u00e3o cont\u00ednua de nossa institui\u00e7\u00e3o, garantindo que estejamos fornecendo uma educa\u00e7\u00e3o de qualidade que atenda \u00e0s necessidades em constante evolu\u00e7\u00e3o de nossos alunos e do mercado de trabalho.<\/p>\n<p>&nbsp;<\/p>\n<p><strong>Relat\u00f3rios de Avalia\u00e7\u00e3o:<\/strong><\/p>\n<p>&nbsp;<\/p>\n<p><strong>2025<\/strong><\/p>\n<p><a href=\"https:\/\/drive.google.com\/file\/d\/1dJI5sW9ybpgmdJr2OhsA3J8cwS0UPfvx\/view?usp=sharing\">Curso de Especializa\u00e7\u00e3o em Direito Previdenci\u00e1rio<\/a><\/p>\n<p><a href=\"https:\/\/drive.google.com\/file\/d\/1LZ-p0gN5dqtOegnI5dhYm5ber9WG175K\/view?usp=sharing\">Curso de especializa\u00e7\u00e3o em Farm\u00e1cia em Oncologia<\/a><\/p>\n<p><a href=\"https:\/\/drive.google.com\/file\/d\/1_ns8_C3r_dz0HZI3kDpAF2xM5kW0cCp6\/view?usp=sharing\">Programa de Resid\u00eancias em Sa\u00fade<\/a><\/p>\n<p><a href=\"https:\/\/drive.google.com\/file\/d\/1wH9qYZrrwfOtDoLqLVP8rCSZ2AYIB3nZ\/view?usp=sharing\">Avalia\u00e7\u00e3o de Pol\u00edticas P\u00fablicas<\/a><\/p>\n<p><a href=\"https:\/\/drive.google.com\/file\/d\/17kgGxmdc66zxMhz0RbamBf7Orp0ZUqNe\/view?usp=sharing\">Administra\u00e7\u00e3o de Hoteleira<\/a><\/p>\n<p><a href=\"https:\/\/drive.google.com\/file\/d\/1v1WUPoJux927E0iBgG9cN1GYmcR4k0Vp\/view?usp=sharing\">Enfermagem Oncol\u00f3gica<\/a><\/p>\n<p><a href=\"https:\/\/drive.google.com\/file\/d\/134qEDnKFKtoT_4es6pO6mwYJBvZV3sBV\/view?usp=sharing\">Educa\u00e7\u00e3o Especial Diversidades nas Pr\u00e1ticas Educativas<\/a><\/p>\n<p><a href=\"https:\/\/drive.google.com\/file\/d\/1QDOW4eAWbAYBdSRP_8HdfU9lFCFWIDTj\/view?usp=sharing\">Curso de especializa\u00e7\u00e3o em Letras &#8211; CAmpus Patu<\/a><\/p>\n<p><a href=\"https:\/\/drive.google.com\/file\/d\/1M6C5zbfpbK-EB8NxZRqtifVe7yB03fJK\/view?usp=sharing\">Curso de especializa\u00e7\u00e3o em Ensino de M\u00fasica na Educa\u00e7\u00e3o B\u00e1sica<\/a><\/p>\n<p>&nbsp;<\/p>\n<p>&nbsp;<\/p>\n<p><strong>2024<\/strong><\/p>\n<p><a href=\"https:\/\/drive.google.com\/file\/d\/1luRE0mxj2WX82I6LAlu2NgVd2MFd1NVt\/view?usp=sharing\">Programa de Resid\u00eancias em Sa\u00fade<\/a><\/p>\n<p><a href=\"https:\/\/drive.google.com\/file\/d\/1wEYk4yKyMrRUjULJKkjFSlX8NlXtwzSP\/view?usp=sharing\">Ensino em Geografia<\/a><\/p>\n<p><a href=\"https:\/\/drive.google.com\/file\/d\/1mvSDDUSxIN9wu0x3KAtH-3w6kzg59c-i\/view?usp=sharing\">Curso de Especializa\u00e7\u00e3o em\u00a0Turismo, Literatura e Cultura<\/a><\/p>\n<p>&nbsp;<\/p>\n<p><strong>2023<\/strong><\/p>\n<p><a href=\"https:\/\/drive.google.com\/file\/d\/1dCuUqIpECNovqAFraW2q-nhxnWsYTJAT\/view\"><span style=\"font-weight: 400\">Nutri\u00e7\u00e3o Oncol\u00f3gica\u00a0<\/span><\/a><\/p>\n<p><a href=\"https:\/\/drive.google.com\/file\/d\/1Gort4LQg3vvHuSZk4_4sDo25qdQ3xAxC\/view\"><span style=\"font-weight: 400\">Desenvolvimento Rural e Agricultura Familiar<\/span><\/a><\/p>\n<p>&nbsp;<\/p>\n<p><strong>2022<\/strong><\/p>\n<p><a href=\"https:\/\/drive.google.com\/file\/d\/1YwT56-LwQ5a_OlPdORCfWRAVK8Tl5n80\/view\"><span style=\"font-weight: 400\">Enfermagem Oncol\u00f3gica<\/span><\/a><\/p>\n<p><a href=\"https:\/\/drive.google.com\/file\/d\/1IKNT2_spbnp_t1yUGesUu0T26lmuuWJp\/view\"><span style=\"font-weight: 400\">Ensino de Hist\u00f3ria e Cultura <\/span><span style=\"font-weight: 400\">Afro-brasileira e Ind\u00edgena<\/span><\/a><\/p>\n<p><a href=\"https:\/\/drive.google.com\/file\/d\/1E11cftPMZ3rxPB942eT_TroRhC5MPU_T\/view\"><span style=\"font-weight: 400\">M\u00eddias na Educa\u00e7\u00e3o (4\u00aa <\/span><span style=\"font-weight: 400\">Edi\u00e7\u00e3o) Ead<\/span><\/a><\/p>\n<p><a href=\"https:\/\/drive.google.com\/file\/d\/1B55MNE3s5mbRaK5cvttc6vkmtCvz4Dfs\/view\">Programa de <span style=\"font-weight: 400\">Resid\u00eancias em Sa\u00fade<\/span><\/a><\/p>\n<p><a href=\"https:\/\/drive.google.com\/file\/d\/1982aPe1niOp5H-9UAnGsW3U7tZq5JVml\/view\"><span style=\"font-weight: 400\">Contabilidade Gerencial e Controladoria (2\u00aa Edi\u00e7\u00e3o)<\/span><\/a><\/p>\n<p>&nbsp;<\/p>\n<p>&nbsp;<\/p>\n","protected":false},"excerpt":{"rendered":"<p>Avalia\u00e7\u00e3o da P\u00f3s- Gradua\u00e7\u00e3o Latu Sensu A divulga\u00e7\u00e3o dos resultados da avalia\u00e7\u00e3o da p\u00f3s-gradua\u00e7\u00e3o lato sensu \u00e9 uma etapa fundamental do nosso compromisso com a qualidade e a excel\u00eancia educacional. Conduzida pela Comiss\u00e3o Setorial de Avalia\u00e7\u00e3o Institucional da P\u00f3s-gradua\u00e7\u00e3o lato sensu (COSAIPG-LS) e pela Comiss\u00e3o Pr\u00f3pria de Avalia\u00e7\u00e3o (CPA), essas avalia\u00e7\u00f5es fornecem uma vis\u00e3o cr\u00edtica [&hellip;]<\/p>\n","protected":false},"author":32,"featured_media":0,"parent":0,"menu_order":0,"comment_status":"closed","ping_status":"closed","template":"","meta":[],"_links":{"self":[{"href":"https:\/\/portal.uern.br\/aai\/wp-json\/wp\/v2\/pages\/1139"}],"collection":[{"href":"https:\/\/portal.uern.br\/aai\/wp-json\/wp\/v2\/pages"}],"about":[{"href":"https:\/\/portal.uern.br\/aai\/wp-json\/wp\/v2\/types\/page"}],"author":[{"embeddable":true,"href":"https:\/\/portal.uern.br\/aai\/wp-json\/wp\/v2\/users\/32"}],"replies":[{"embeddable":true,"href":"https:\/\/portal.uern.br\/aai\/wp-json\/wp\/v2\/comments?post=1139"}],"version-history":[{"count":26,"href":"https:\/\/portal.uern.br\/aai\/wp-json\/wp\/v2\/pages\/1139\/revisions"}],"predecessor-version":[{"id":1694,"href":"https:\/\/portal.uern.br\/aai\/wp-json\/wp\/v2\/pages\/1139\/revisions\/1694"}],"wp:attachment":[{"href":"https:\/\/portal.uern.br\/aai\/wp-json\/wp\/v2\/media?parent=1139"}],"curies":[{"name":"wp","href":"https:\/\/api.w.org\/{rel}","templated":true}]}}