{"id":100,"date":"2022-10-19T16:04:20","date_gmt":"2022-10-19T19:04:20","guid":{"rendered":"https:\/\/paisdemossoro.com.br\/wordpress\/aai\/?page_id=100"},"modified":"2025-12-18T09:30:08","modified_gmt":"2025-12-18T12:30:08","slug":"documentos-mec","status":"publish","type":"page","link":"https:\/\/portal.uern.br\/aai\/documentos-mec\/","title":{"rendered":"Documentos"},"content":{"rendered":"<p>&nbsp;<\/p>\n<h2 data-start=\"115\" data-end=\"175\"><strong data-start=\"118\" data-end=\"175\">Projeto de Avalia\u00e7\u00e3o Institucional<\/strong><\/h2>\n<p data-start=\"177\" data-end=\"521\">O <strong data-start=\"179\" data-end=\"273\">Projeto de Avalia\u00e7\u00e3o Institucional da Universidade do Estado do Rio Grande do Norte (Uern)<\/strong> destina-se a <strong data-start=\"287\" data-end=\"356\">orientar e sistematizar o processo de autoavalia\u00e7\u00e3o institucional<\/strong>, constituindo-se como instrumento estrat\u00e9gico para a an\u00e1lise da qualidade da educa\u00e7\u00e3o superior e para o fortalecimento da miss\u00e3o acad\u00eamica e social da Universidade.<\/p>\n<p data-start=\"523\" data-end=\"841\">O Projeto \u00e9 direcionado \u00e0 <strong data-start=\"549\" data-end=\"588\">Comiss\u00e3o Pr\u00f3pria de Avalia\u00e7\u00e3o (CPA)<\/strong> e \u00e0 <strong data-start=\"593\" data-end=\"625\">comunidade acad\u00eamica da Uern<\/strong>, que participam de forma ativa e protagonista das etapas de planejamento, execu\u00e7\u00e3o e an\u00e1lise da avalia\u00e7\u00e3o, assegurando a legitimidade dos resultados e subsidiando o planejamento institucional e a tomada de decis\u00f5es.<\/p>\n<p data-start=\"843\" data-end=\"1290\">A avalia\u00e7\u00e3o institucional \u00e9 compreendida como um processo <strong data-start=\"904\" data-end=\"943\">formativo, cont\u00ednuo e participativo<\/strong>, em conson\u00e2ncia com as diretrizes do <strong data-start=\"981\" data-end=\"1044\">Sistema Nacional de Avalia\u00e7\u00e3o da Educa\u00e7\u00e3o Superior (Sinaes)<\/strong>, institu\u00eddo pela <strong data-start=\"1062\" data-end=\"1084\">Lei n\u00ba 10.861\/2004<\/strong>, e com as normativas do <strong data-start=\"1109\" data-end=\"1165\">Conselho Estadual de Educa\u00e7\u00e3o do Rio Grande do Norte<\/strong>, especialmente a <strong data-start=\"1190\" data-end=\"1221\">Resolu\u00e7\u00e3o n\u00ba 01\/2012\u2013CEE\/RN.<\/strong><\/p>\n<p data-start=\"1292\" data-end=\"1572\">O Projeto articula a <strong data-start=\"1313\" data-end=\"1356\">avalia\u00e7\u00e3o interna e a avalia\u00e7\u00e3o externa<\/strong>, contribuindo para a melhoria da qualidade do ensino, da pesquisa e da extens\u00e3o, para o fortalecimento do compromisso social da Uern e para a transpar\u00eancia institucional perante os \u00f3rg\u00e3os de regula\u00e7\u00e3o e a sociedade.<\/p>\n<h6><strong>Acesse o Projetos de Avalia\u00e7\u00e3o Institucional 2025-2029: <a href=\"https:\/\/drive.google.com\/file\/d\/1lQvAd7hstwrDIqa9SvZ8PqxX7v_vAvCP\/view?usp=sharing\">Projeto de Avalia\u00e7\u00e3o<\/a><\/strong><\/h6>\n<h6><strong>Acesse o Projetos de Avalia\u00e7\u00e3o Institucional 2021-2024: <a href=\"https:\/\/drive.google.com\/file\/d\/108MTyo67_MAoRW69QTkZihIOl_CEjHhX\/view?usp=sharing\">Projeto de Avalia\u00e7\u00e3o<\/a><\/strong><\/h6>\n<p>&nbsp;<\/p>\n<h5><strong>Demais normativas que regulamentam o processo de avalia\u00e7\u00e3o:<\/strong><\/h5>\n<p><a href=\"https:\/\/www.planalto.gov.br\/ccivil_03\/_ato2004-2006\/2004\/lei\/l10.861.htm\">Lei dos Sinaes &#8211; Lei 10.861\/2004, de 14 de abril de 2004<\/a><\/p>\n<p><a href=\"https:\/\/drive.google.com\/file\/d\/1Y6lN5Ns9Frol1HTQhBkZ34y40jOUDasK\/view?usp=sharing\">Resolu\u00e7\u00e3o CEE-RN n\u00b0 05\/2020, de 16 de dezembro de 2020<\/a><\/p>\n<p><a href=\"https:\/\/www.uern.br\/controledepaginas\/aai-dimensoes-mec\/arquivos\/3612lei_na_10.861_2004.pdf\">Lei 10.861, de 14 de abril de 2004<\/a><\/p>\n<p><a href=\"https:\/\/www.uern.br\/controledepaginas\/aai-dimensoes-mec\/arquivos\/3612portaria_1382_31_10_2017_indicadores_sinaes.pdf\">Portaria n\u00ba 1382, de 31 de outubro de 2017<\/a><\/p>\n<p><a href=\"https:\/\/www.uern.br\/controledepaginas\/aai-dimensoes-mec\/arquivos\/3612portaria_1383.pdf\">Portaria n\u00ba 1383, de 31 de outubro de 2017<\/a><\/p>\n<p><a href=\"https:\/\/www.uern.br\/controledepaginas\/aai-dimensoes-mec\/arquivos\/3612curso_autorizacao.pdf\">Instrumento de Avalia\u00e7\u00e3o de\u00a0Cursos de Gradua\u00e7\u00e3o\u00a0(Presencial e a Dist\u00e2ncia) &#8211; autoriza\u00e7\u00e3o<\/a><\/p>\n<p><a href=\"https:\/\/www.uern.br\/controledepaginas\/aai-dimensoes-mec\/arquivos\/3612curso_reconhecimento.pdf\">Instrumento de Avalia\u00e7\u00e3o de\u00a0Cursos de Gradua\u00e7\u00e3o\u00a0(Presencial e a Dist\u00e2ncia) &#8211; reconhecimento e renova\u00e7\u00e3o de reconhecimento<\/a><\/p>\n<p><a href=\"https:\/\/www.uern.br\/controledepaginas\/aai-dimensoes-mec\/arquivos\/3612ies_credenciamento.pdf\">Instrumento de Avalia\u00e7\u00e3o Institucional Externa &#8211; Presencial e a Distancia &#8211; credenciamento<\/a><\/p>\n<p><a href=\"https:\/\/www.uern.br\/controledepaginas\/aai-dimensoes-mec\/arquivos\/3612ies_recredenciamento.pdf\">Instrumento de Avalia\u00e7\u00e3o Institucional Externa &#8211; Presencial e a Distancia &#8211; recredenciamento, transforma\u00e7\u00e3o de organiza\u00e7\u00e3o acad\u00eamica<\/a><\/p>\n","protected":false},"excerpt":{"rendered":"<p>&nbsp; Projeto de Avalia\u00e7\u00e3o Institucional O Projeto de Avalia\u00e7\u00e3o Institucional da Universidade do Estado do Rio Grande do Norte (Uern) destina-se a orientar e sistematizar o processo de autoavalia\u00e7\u00e3o institucional, constituindo-se como instrumento estrat\u00e9gico para a an\u00e1lise da qualidade da educa\u00e7\u00e3o superior e para o fortalecimento da miss\u00e3o acad\u00eamica e social da Universidade. O Projeto [&hellip;]<\/p>\n","protected":false},"author":1,"featured_media":0,"parent":0,"menu_order":0,"comment_status":"closed","ping_status":"closed","template":"","meta":[],"_links":{"self":[{"href":"https:\/\/portal.uern.br\/aai\/wp-json\/wp\/v2\/pages\/100"}],"collection":[{"href":"https:\/\/portal.uern.br\/aai\/wp-json\/wp\/v2\/pages"}],"about":[{"href":"https:\/\/portal.uern.br\/aai\/wp-json\/wp\/v2\/types\/page"}],"author":[{"embeddable":true,"href":"https:\/\/portal.uern.br\/aai\/wp-json\/wp\/v2\/users\/1"}],"replies":[{"embeddable":true,"href":"https:\/\/portal.uern.br\/aai\/wp-json\/wp\/v2\/comments?post=100"}],"version-history":[{"count":7,"href":"https:\/\/portal.uern.br\/aai\/wp-json\/wp\/v2\/pages\/100\/revisions"}],"predecessor-version":[{"id":1713,"href":"https:\/\/portal.uern.br\/aai\/wp-json\/wp\/v2\/pages\/100\/revisions\/1713"}],"wp:attachment":[{"href":"https:\/\/portal.uern.br\/aai\/wp-json\/wp\/v2\/media?parent=100"}],"curies":[{"name":"wp","href":"https:\/\/api.w.org\/{rel}","templated":true}]}}